{"id":168,"date":"2019-11-26T21:03:36","date_gmt":"2019-11-26T20:03:36","guid":{"rendered":"http:\/\/feuerwehr-waldeck-frankenberg.de\/kfv\/?page_id=168"},"modified":"2019-11-26T21:10:17","modified_gmt":"2019-11-26T20:10:17","slug":"kampagne-112-eine-starke-verbindung","status":"publish","type":"page","link":"https:\/\/feuerwehr-waldeck-frankenberg.de\/kfv\/fuer-die-feuerwehr\/kampagne-112-eine-starke-verbindung\/","title":{"rendered":"Kampagne 1+1=2 &#8211; eine starke Verbindung"},"content":{"rendered":"\n<p>Erster Film zur Kampagne &#8220;1+1=2 &#8211; eine starke Verbindung<\/p>\n\n\n\n<div class=\"wp-block-advgb-video advgb-video-block full-width\" data-video=\"http:\/\/feuerwehr-waldeck-frankenberg.de\/kfv\/wp-content\/uploads\/2019\/11\/112_einestarkeverbindung_imagefilm_web.mp4\" data-source=\"local\"><div class=\"advgb-video-wrapper full-width no-lightbox\"><video class=\"full-width\" height=\"450\" poster=\"http:\/\/feuerwehr-waldeck-frankenberg.de\/kfv\/wp-content\/uploads\/2019\/11\/Webbanner_Anwalt_300x426.jpg\" controls><source src=\"http:\/\/feuerwehr-waldeck-frankenberg.de\/kfv\/wp-content\/uploads\/2019\/11\/112_einestarkeverbindung_imagefilm_web.mp4\"\/>Your browser does not support HTML5 video.<\/video><\/div><\/div>\n\n\n\n<p>Damit das Ehrenamt im Brand- und Katastrophenschutz trotz steigender Anforderungen im Beruf und knapper werdender Freizeit erhalten bleiben kann, braucht es R\u00fcckendeckung. Respekt, Verst\u00e4ndnis und Flexibilit\u00e4t im sozialen Umfeld und der Arbeitswelt tragen einen wichtigen Teil zur Vereinbarkeit von Ehrenamt und Beruf bei. Bereits seit dem Jahr 2016 f\u00f6rdert das Hessische Innenministerium in Zusammenarbeit mit dem Landesfeuerwehrverband Hessen sowie den Hilfsorganisationen im Katastrophenschutz den Austausch zwischen Unternehmen und den Organisationen im Brand- und Katastrophenschutz mit der Initiative&nbsp;<a href=\"https:\/\/feuerwehr.hessen.de\/ehrenamt\/kampagne-und-projekte\/informationen-f%C3%BCr-arbeitgeber\" target=\"_blank\" rel=\"noreferrer noopener\"><strong>\u201eWirtschaft trifft Blaulicht\u201c<\/strong><\/a>. Ziel ist die bessere Vereinbarkeit von Ehrenamt und Beruf durch verbesserte Bedingungen f\u00fcr Arbeitgeber und -nehmer.<\/p>\n\n\n\n<p>Auf dieser Initiative basiert nun auch die&nbsp;<strong>Kampagne \u201e1+1=2 \u2013 Eine starke Verbindung\u201c.<\/strong><\/p>\n\n\n\n<p>Die Kampagneninhalte stehen den Feuerwehren und Katastrophenschutzeinheiten sowie den dazugeh\u00f6rigen Verb\u00e4nden zur Nutzung zur Verf\u00fcgung und k\u00f6nnen geb\u00fcndelt je Kreis bzw. kreisfreier Stadt \u00fcber das&nbsp;<a href=\"https:\/\/www.einestarkeverbindung.org\/kampagne\/kampagnenbuero\/\" target=\"_blank\" rel=\"noreferrer noopener\"><strong>Kampagnenb\u00fcro<\/strong><\/a>&nbsp;abgerufen bzw. bestellt werden. Dazu z\u00e4hlen neben verschiedenen&nbsp;<a href=\"https:\/\/www.einestarkeverbindung.org\/media\/filme\/\" target=\"_blank\" rel=\"noreferrer noopener\"><strong>Kurzfilmen<\/strong><\/a>, die das Spannungsfeld zwischen Beruf und Ehrenamt aus verschiedenen Perspektiven beleuchten und die in loser Reihenfolge in den kommenden Monaten ver\u00f6ffentlicht werden, auch ein&nbsp;<a href=\"https:\/\/www.einestarkeverbindung.org\/fileadmin\/media\/downloads\/Flyer_112_einestarkeverbindung_Druck.pdf\" target=\"_blank\" rel=\"noreferrer noopener\"><strong>Informationsflyer<\/strong><\/a>&nbsp;sowie&nbsp;<a href=\"https:\/\/www.einestarkeverbindung.org\/media\/downloads\/\" target=\"_blank\" rel=\"noreferrer noopener\"><strong>verschiedene Motive<\/strong><\/a>&nbsp;f\u00fcr die Nutzung als Rollup oder Plakat. Zudem bietet die f\u00fcr die Umsetzung der Kampagne beauftragte Agentur Mandelkern Workshops zur Nutzung der Kampagne, sogenannte Roadshows, an, die von den Landkreisen und kreisfreien St\u00e4dten sowie den Kreisverb\u00e4nden im Brand- und Katastrophenschutz gebucht werden k\u00f6nnen.<\/p>\n\n\n\n<p><em><strong>Quelle:<\/strong>&nbsp;Hessisches Ministerium des Innern und f\u00fcr Sport.<\/em><\/p>\n\n\n\n<p>[<a rel=\"noreferrer noopener\" href=\"https:\/\/www.einestarkeverbindung.org\/\" target=\"_blank\">Hier<\/a>] im Webauftritt der\u00a0<strong>Kampagne \u201e1+1=2 \u2013 Eine starke Verbindung\u201c<\/strong>\u00a0erfahren Sie mehr.<\/p>\n\n\n\n<div class=\"wp-block-advgb-image advgb-image-block full-width advgb-img-349889e1-7da1-4a7b-8b8e-6037a4aa6f66\" style=\"background-image:url(http:\/\/feuerwehr-waldeck-frankenberg.de\/kfv\/wp-content\/uploads\/2019\/11\/eine_starke_verbindung.png);background-position:NaN% NaN%;height:500px;width:500px;justify-content:center;align-items:center\" data-image=\"http:\/\/feuerwehr-waldeck-frankenberg.de\/kfv\/wp-content\/uploads\/2019\/11\/eine_starke_verbindung.png\"><a class=\"advgb-image-overlay\" style=\"background-color:#000\" target=\"_blank\" rel=\"noopener noreferrer\" href=\"https:\/\/www.einestarkeverbindung.org\"><\/a><\/div>\n\n\n\n<p><\/p>\n<style class=\"advgb-styles-renderer\">.advgb-img-349889e1-7da1-4a7b-8b8e-6037a4aa6f66.advgb-image-block .advgb-image-overlay{opacity:0 !important;}.advgb-img-349889e1-7da1-4a7b-8b8e-6037a4aa6f66.advgb-image-block:hover .advgb-image-overlay{opacity:0 !important;}<\/style>","protected":false},"excerpt":{"rendered":"<p>Erster Film zur Kampagne &#8220;1+1=2 &#8211; eine starke Verbindung Damit das Ehrenamt im Brand- und Katastrophenschutz trotz steigender Anforderungen im Beruf und knapper werdender Freizeit erhalten bleiben kann, braucht es R\u00fcckendeckung. Respekt, Verst\u00e4ndnis und Flexibilit\u00e4t im sozialen Umfeld und der Arbeitswelt tragen einen wichtigen Teil zur Vereinbarkeit von Ehrenamt und<\/p>\n","protected":false},"author":1,"featured_media":0,"parent":74,"menu_order":0,"comment_status":"closed","ping_status":"closed","template":"","meta":{"advgb_blocks_editor_width":"","advgb_blocks_columns_visual_guide":"","footnotes":""},"class_list":["post-168","page","type-page","status-publish","hentry"],"coauthors":[],"author_meta":{"author_link":"https:\/\/feuerwehr-waldeck-frankenberg.de\/kfv\/author\/markusadminkfv\/","display_name":"MarkusAdminKFV"},"relative_dates":{"created":"Posted 6\u00a0Jahren ago","modified":"Updated 6\u00a0Jahren ago"},"absolute_dates":{"created":"Posted on 26. November 2019","modified":"Updated on 26. November 2019"},"absolute_dates_time":{"created":"Posted on 26. November 2019 21:03","modified":"Updated on 26. November 2019 21:10"},"featured_img_caption":"","featured_img":false,"series_order":"","_links":{"self":[{"href":"https:\/\/feuerwehr-waldeck-frankenberg.de\/kfv\/wp-json\/wp\/v2\/pages\/168","targetHints":{"allow":["GET"]}}],"collection":[{"href":"https:\/\/feuerwehr-waldeck-frankenberg.de\/kfv\/wp-json\/wp\/v2\/pages"}],"about":[{"href":"https:\/\/feuerwehr-waldeck-frankenberg.de\/kfv\/wp-json\/wp\/v2\/types\/page"}],"author":[{"embeddable":true,"href":"https:\/\/feuerwehr-waldeck-frankenberg.de\/kfv\/wp-json\/wp\/v2\/users\/1"}],"replies":[{"embeddable":true,"href":"https:\/\/feuerwehr-waldeck-frankenberg.de\/kfv\/wp-json\/wp\/v2\/comments?post=168"}],"version-history":[{"count":6,"href":"https:\/\/feuerwehr-waldeck-frankenberg.de\/kfv\/wp-json\/wp\/v2\/pages\/168\/revisions"}],"predecessor-version":[{"id":182,"href":"https:\/\/feuerwehr-waldeck-frankenberg.de\/kfv\/wp-json\/wp\/v2\/pages\/168\/revisions\/182"}],"up":[{"embeddable":true,"href":"https:\/\/feuerwehr-waldeck-frankenberg.de\/kfv\/wp-json\/wp\/v2\/pages\/74"}],"wp:attachment":[{"href":"https:\/\/feuerwehr-waldeck-frankenberg.de\/kfv\/wp-json\/wp\/v2\/media?parent=168"}],"curies":[{"name":"wp","href":"https:\/\/api.w.org\/{rel}","templated":true}]}}