{"id":2402,"date":"2025-03-12T17:29:43","date_gmt":"2025-03-12T16:29:43","guid":{"rendered":"https:\/\/feuerwehr-waldeck-frankenberg.de\/kfv\/?page_id=2402"},"modified":"2025-03-12T17:29:43","modified_gmt":"2025-03-12T16:29:43","slug":"verbandsversammlung-2025","status":"publish","type":"page","link":"https:\/\/feuerwehr-waldeck-frankenberg.de\/kfv\/verbandsversammlung-2025\/","title":{"rendered":"Verbandsversammlung 2025"},"content":{"rendered":"\n<p>Am <strong>16. M\u00e4rz 2025 um 9.30 Uhr<\/strong> findet die j\u00e4hrliche Versammlung in der <strong>Nordhessenhalle  in Volkmarsen<\/strong> (<a href=\"https:\/\/www.google.de\/maps\/place\/\/data=!4m2!3m1!1s0x4171cafc619294f1:0xd54724058ff51b56?sa=X&amp;ved=1t:8290&amp;ictx=111\">Schulstra\u00dfe 11, 34471 Volkmarsen<\/a>) statt.<\/p>\n\n\n\n<h2 class=\"wp-block-heading\">Tagesordnung<\/h2>\n\n\n\n<p>Die aktuelle Tagesordnung findet Ihr hier zur Ansicht und zum Download<\/p>\n\n\n\n<div data-wp-interactive=\"core\/file\" class=\"wp-block-file\"><object data-wp-bind--hidden=\"!state.hasPdfPreview\" hidden class=\"wp-block-file__embed\" data=\"https:\/\/feuerwehr-waldeck-frankenberg.de\/kfv\/wp-content\/uploads\/2025\/02\/Einladung-zur-Verbandsversammlung-2025.pdf\" type=\"application\/pdf\" style=\"width:100%;height:600px\" aria-label=\"Einbettung von Einladung zur Verbandsversammlung 2025.\"><\/object><a id=\"wp-block-file--media-b8d399eb-1407-48cb-9c13-9190f017fcb4\" href=\"https:\/\/feuerwehr-waldeck-frankenberg.de\/kfv\/wp-content\/uploads\/2025\/02\/Einladung-zur-Verbandsversammlung-2025.pdf\">Einladung zur Verbandsversammlung 2025<\/a><a href=\"https:\/\/feuerwehr-waldeck-frankenberg.de\/kfv\/wp-content\/uploads\/2025\/02\/Einladung-zur-Verbandsversammlung-2025.pdf\" class=\"wp-block-file__button wp-element-button\" download aria-describedby=\"wp-block-file--media-b8d399eb-1407-48cb-9c13-9190f017fcb4\">Herunterladen<\/a><\/div>\n\n\n\n<h2 class=\"wp-block-heading\" id=\"unterlagen-zur-veranstaltung\">Unterlagen zur Veranstaltung<\/h2>\n\n\n\n<p>Die Unterlagen zur Veranstaltung stellen wir Euch hier nach und nach zur Verf\u00fcgung. Bitte schaut daher gern ab und an wieder vorbei, um alle Aktualisierungen zu bekommen.<span style=\"color: var(--text-color); font-family: var(--text-font); font-size: 1.0625rem;\"><\/span><\/p>\n\n\n\n<h2 class=\"wp-block-heading\">Protokoll der Verbandsversammlung vom 10.03.2024<\/h2>\n\n\n\n<div data-wp-interactive=\"core\/file\" class=\"wp-block-file\"><object data-wp-bind--hidden=\"!state.hasPdfPreview\" hidden class=\"wp-block-file__embed\" data=\"https:\/\/feuerwehr-waldeck-frankenberg.de\/kfv\/wp-content\/uploads\/2025\/02\/Protokoll-zur-Verbandsversammlung-2024.pdf\" type=\"application\/pdf\" style=\"width:100%;height:600px\" aria-label=\"Einbettung von Protokoll zur Verbandsversammlung 2024.\"><\/object><a id=\"wp-block-file--media-f2194a4b-df76-4d06-b756-37c1da7200e7\" href=\"https:\/\/feuerwehr-waldeck-frankenberg.de\/kfv\/wp-content\/uploads\/2025\/02\/Protokoll-zur-Verbandsversammlung-2024.pdf\">Protokoll zur Verbandsversammlung 2024<\/a><a href=\"https:\/\/feuerwehr-waldeck-frankenberg.de\/kfv\/wp-content\/uploads\/2025\/02\/Protokoll-zur-Verbandsversammlung-2024.pdf\" class=\"wp-block-file__button wp-element-button\" download aria-describedby=\"wp-block-file--media-f2194a4b-df76-4d06-b756-37c1da7200e7\">Herunterladen<\/a><\/div>\n\n\n\n<h2 class=\"wp-block-heading\">Kassenbericht 2024 und Haushaltsplan 2025<\/h2>\n\n\n\n<div data-wp-interactive=\"core\/file\" class=\"wp-block-file\"><object data-wp-bind--hidden=\"!state.hasPdfPreview\" hidden class=\"wp-block-file__embed\" data=\"https:\/\/feuerwehr-waldeck-frankenberg.de\/kfv\/wp-content\/uploads\/2025\/03\/EinnahmenAusgaben2024Haushalt2025_Entwurf_20250302.pdf\" type=\"application\/pdf\" style=\"width:100%;height:600px\" aria-label=\"Einbettung von EinnahmenAusgaben2024Haushalt2025_Entwurf_20250302.\"><\/object><a id=\"wp-block-file--media-992ed5a3-578b-4a9b-9a6c-15223479ffbb\" href=\"https:\/\/feuerwehr-waldeck-frankenberg.de\/kfv\/wp-content\/uploads\/2025\/03\/EinnahmenAusgaben2024Haushalt2025_Entwurf_20250302.pdf\">EinnahmenAusgaben2024Haushalt2025_Entwurf_20250302<\/a><a href=\"https:\/\/feuerwehr-waldeck-frankenberg.de\/kfv\/wp-content\/uploads\/2025\/03\/EinnahmenAusgaben2024Haushalt2025_Entwurf_20250302.pdf\" class=\"wp-block-file__button wp-element-button\" download aria-describedby=\"wp-block-file--media-992ed5a3-578b-4a9b-9a6c-15223479ffbb\">Herunterladen<\/a><\/div>\n\n\n\n<h2 class=\"wp-block-heading\">Bericht des Vorsitzenden Gordon Kalh\u00f6fer<\/h2>\n\n\n\n<h2 class=\"wp-block-heading\">Bericht des Kreisbrandinspektors Gerhard Biederbick<\/h2>\n\n\n\n<div data-wp-interactive=\"core\/file\" class=\"wp-block-file\"><object data-wp-bind--hidden=\"!state.hasPdfPreview\" hidden class=\"wp-block-file__embed\" data=\"https:\/\/feuerwehr-waldeck-frankenberg.de\/kfv\/wp-content\/uploads\/2025\/03\/Jahresbericht-Kreisbrandinspektor-2024.pdf\" type=\"application\/pdf\" style=\"width:100%;height:600px\" aria-label=\"Einbettung von Jahresbericht Kreisbrandinspektor 2024.\"><\/object><a id=\"wp-block-file--media-181dc097-9cb7-48cd-b24d-60eb16f7d3c1\" href=\"https:\/\/feuerwehr-waldeck-frankenberg.de\/kfv\/wp-content\/uploads\/2025\/03\/Jahresbericht-Kreisbrandinspektor-2024.pdf\">Jahresbericht Kreisbrandinspektor 2024<\/a><a href=\"https:\/\/feuerwehr-waldeck-frankenberg.de\/kfv\/wp-content\/uploads\/2025\/03\/Jahresbericht-Kreisbrandinspektor-2024.pdf\" class=\"wp-block-file__button wp-element-button\" download aria-describedby=\"wp-block-file--media-181dc097-9cb7-48cd-b24d-60eb16f7d3c1\">Herunterladen<\/a><\/div>\n\n\n\n<h2 class=\"wp-block-heading\">Bericht des Kreisjugendfeuerwehrwartes Thomas Wittenburg<\/h2>\n\n\n\n<div data-wp-interactive=\"core\/file\" class=\"wp-block-file\"><object data-wp-bind--hidden=\"!state.hasPdfPreview\" hidden class=\"wp-block-file__embed\" data=\"https:\/\/feuerwehr-waldeck-frankenberg.de\/kfv\/wp-content\/uploads\/2025\/03\/KJF-Jahresrueckblick-2024.pdf\" type=\"application\/pdf\" style=\"width:100%;height:600px\" aria-label=\"Einbettung von KJF-Jahresr\u00fcckblick-2024.\"><\/object><a id=\"wp-block-file--media-7d0bfd33-4127-4eaa-b80a-d7e544f205df\" href=\"https:\/\/feuerwehr-waldeck-frankenberg.de\/kfv\/wp-content\/uploads\/2025\/03\/KJF-Jahresrueckblick-2024.pdf\">KJF-Jahresr\u00fcckblick-2024<\/a><a href=\"https:\/\/feuerwehr-waldeck-frankenberg.de\/kfv\/wp-content\/uploads\/2025\/03\/KJF-Jahresrueckblick-2024.pdf\" class=\"wp-block-file__button wp-element-button\" download aria-describedby=\"wp-block-file--media-7d0bfd33-4127-4eaa-b80a-d7e544f205df\">Herunterladen<\/a><\/div>\n\n\n\n<h2 class=\"wp-block-heading\">Jahresbericht des Sprechers der Kindergruppen Uwe Schaumburg<\/h2>\n\n\n\n<div data-wp-interactive=\"core\/file\" class=\"wp-block-file\"><object data-wp-bind--hidden=\"!state.hasPdfPreview\" hidden class=\"wp-block-file__embed\" data=\"https:\/\/feuerwehr-waldeck-frankenberg.de\/kfv\/wp-content\/uploads\/2025\/02\/Jahresbericht-2024-der-Kindergruppen.pdf\" type=\"application\/pdf\" style=\"width:100%;height:600px\" aria-label=\"Einbettung von Jahresbericht 2024 der Kindergruppen.\"><\/object><a id=\"wp-block-file--media-867d6e3e-b886-48fa-a3e1-96443dd37d3b\" href=\"https:\/\/feuerwehr-waldeck-frankenberg.de\/kfv\/wp-content\/uploads\/2025\/02\/Jahresbericht-2024-der-Kindergruppen.pdf\">Jahresbericht 2024 der Kindergruppen<\/a><a href=\"https:\/\/feuerwehr-waldeck-frankenberg.de\/kfv\/wp-content\/uploads\/2025\/02\/Jahresbericht-2024-der-Kindergruppen.pdf\" class=\"wp-block-file__button wp-element-button\" download aria-describedby=\"wp-block-file--media-867d6e3e-b886-48fa-a3e1-96443dd37d3b\">Herunterladen<\/a><\/div>\n\n\n\n<h2 class=\"wp-block-heading\">Bericht des Kreisstabf\u00fchrers Frank Parlow<\/h2>\n\n\n\n<div data-wp-interactive=\"core\/file\" class=\"wp-block-file\"><object data-wp-bind--hidden=\"!state.hasPdfPreview\" hidden class=\"wp-block-file__embed\" data=\"https:\/\/feuerwehr-waldeck-frankenberg.de\/kfv\/wp-content\/uploads\/2025\/03\/Jahresbericht-2024-Kreisstabfuehrer.pdf\" type=\"application\/pdf\" style=\"width:100%;height:600px\" aria-label=\"Einbettung von Jahresbericht 2024 Kreisstabf\u00fchrer.\"><\/object><a id=\"wp-block-file--media-2d4fab26-a57e-4f5c-9e14-087a17ff2c9e\" href=\"https:\/\/feuerwehr-waldeck-frankenberg.de\/kfv\/wp-content\/uploads\/2025\/03\/Jahresbericht-2024-Kreisstabfuehrer.pdf\">Jahresbericht 2024 Kreisstabf\u00fchrer<\/a><a href=\"https:\/\/feuerwehr-waldeck-frankenberg.de\/kfv\/wp-content\/uploads\/2025\/03\/Jahresbericht-2024-Kreisstabfuehrer.pdf\" class=\"wp-block-file__button wp-element-button\" download aria-describedby=\"wp-block-file--media-2d4fab26-a57e-4f5c-9e14-087a17ff2c9e\">Herunterladen<\/a><\/div>\n\n\n\n<h2 class=\"wp-block-heading\">Entwurf einer Ehrenordnung<\/h2>\n\n\n\n<div data-wp-interactive=\"core\/file\" class=\"wp-block-file\"><object data-wp-bind--hidden=\"!state.hasPdfPreview\" hidden class=\"wp-block-file__embed\" data=\"https:\/\/feuerwehr-waldeck-frankenberg.de\/kfv\/wp-content\/uploads\/2025\/03\/250114-Ehrenordnung.pdf\" type=\"application\/pdf\" style=\"width:100%;height:600px\" aria-label=\"Einbettung von 250114 Ehrenordnung.\"><\/object><a id=\"wp-block-file--media-692ec881-c812-42c0-9e94-fb040b4f82e3\" href=\"https:\/\/feuerwehr-waldeck-frankenberg.de\/kfv\/wp-content\/uploads\/2025\/03\/250114-Ehrenordnung.pdf\">250114 Ehrenordnung<\/a><a href=\"https:\/\/feuerwehr-waldeck-frankenberg.de\/kfv\/wp-content\/uploads\/2025\/03\/250114-Ehrenordnung.pdf\" class=\"wp-block-file__button wp-element-button\" download aria-describedby=\"wp-block-file--media-692ec881-c812-42c0-9e94-fb040b4f82e3\">Herunterladen<\/a><\/div>\n","protected":false},"excerpt":{"rendered":"<p>Am 16. M\u00e4rz 2025 um 9.30 Uhr findet die j\u00e4hrliche Versammlung in der Nordhessenhalle in Volkmarsen (Schulstra\u00dfe 11, 34471 Volkmarsen) statt. Tagesordnung Die aktuelle Tagesordnung findet Ihr hier zur Ansicht und zum Download Unterlagen zur Veranstaltung Die Unterlagen zur Veranstaltung stellen wir Euch hier nach und nach zur Verf\u00fcgung. Bitte<\/p>\n","protected":false},"author":3,"featured_media":0,"parent":0,"menu_order":0,"comment_status":"closed","ping_status":"closed","template":"","meta":{"advgb_blocks_editor_width":"","advgb_blocks_columns_visual_guide":"","footnotes":""},"class_list":["post-2402","page","type-page","status-publish","hentry"],"coauthors":[],"author_meta":{"author_link":"https:\/\/feuerwehr-waldeck-frankenberg.de\/kfv\/author\/biedeg01\/","display_name":"Gerhard Biederbick"},"relative_dates":{"created":"Posted 1\u00a0Jahr ago","modified":"Updated 1\u00a0Jahr ago"},"absolute_dates":{"created":"Posted on 12. M\u00e4rz 2025","modified":"Updated on 12. M\u00e4rz 2025"},"absolute_dates_time":{"created":"Posted on 12. M\u00e4rz 2025 17:29","modified":"Updated on 12. M\u00e4rz 2025 17:29"},"featured_img_caption":"","featured_img":false,"series_order":"","_links":{"self":[{"href":"https:\/\/feuerwehr-waldeck-frankenberg.de\/kfv\/wp-json\/wp\/v2\/pages\/2402","targetHints":{"allow":["GET"]}}],"collection":[{"href":"https:\/\/feuerwehr-waldeck-frankenberg.de\/kfv\/wp-json\/wp\/v2\/pages"}],"about":[{"href":"https:\/\/feuerwehr-waldeck-frankenberg.de\/kfv\/wp-json\/wp\/v2\/types\/page"}],"author":[{"embeddable":true,"href":"https:\/\/feuerwehr-waldeck-frankenberg.de\/kfv\/wp-json\/wp\/v2\/users\/3"}],"replies":[{"embeddable":true,"href":"https:\/\/feuerwehr-waldeck-frankenberg.de\/kfv\/wp-json\/wp\/v2\/comments?post=2402"}],"version-history":[{"count":7,"href":"https:\/\/feuerwehr-waldeck-frankenberg.de\/kfv\/wp-json\/wp\/v2\/pages\/2402\/revisions"}],"predecessor-version":[{"id":2481,"href":"https:\/\/feuerwehr-waldeck-frankenberg.de\/kfv\/wp-json\/wp\/v2\/pages\/2402\/revisions\/2481"}],"wp:attachment":[{"href":"https:\/\/feuerwehr-waldeck-frankenberg.de\/kfv\/wp-json\/wp\/v2\/media?parent=2402"}],"curies":[{"name":"wp","href":"https:\/\/api.w.org\/{rel}","templated":true}]}}