{"id":2969,"date":"2026-03-06T13:52:02","date_gmt":"2026-03-06T12:52:02","guid":{"rendered":"https:\/\/feuerwehr-waldeck-frankenberg.de\/kfv\/?page_id=2969"},"modified":"2026-03-06T13:52:02","modified_gmt":"2026-03-06T12:52:02","slug":"verbandsversammlung-2026","status":"publish","type":"page","link":"https:\/\/feuerwehr-waldeck-frankenberg.de\/kfv\/verbandsversammlung-2026\/","title":{"rendered":"Verbandsversammlung 2026"},"content":{"rendered":"\n<p>Am <strong>8. M\u00e4rz 2026 um 9.30 Uhr<\/strong> findet die j\u00e4hrliche Versammlung in der <\/p>\n\n\n\n<p><strong>Mehrzweckhalle Goddelsheim<\/strong>, Am Sportplatz 9, 35104 Lichtenfels &#8211; Goddelsheim<\/p>\n\n\n\n<p>statt.<\/p>\n\n\n\n<h2 class=\"wp-block-heading\">Einladung \/ Tagesordnung<\/h2>\n\n\n\n<p><\/p>\n\n\n\n<div data-wp-interactive=\"core\/file\" class=\"wp-block-file\"><object data-wp-bind--hidden=\"!state.hasPdfPreview\" hidden class=\"wp-block-file__embed\" data=\"https:\/\/feuerwehr-waldeck-frankenberg.de\/kfv\/wp-content\/uploads\/2026\/02\/Einladung-allgemein-fuer-Hompage-2026.pdf\" type=\"application\/pdf\" style=\"width:100%;height:600px\" aria-label=\"Einbettung von Einladung allgemein f\u00fcr Hompage 2026.\"><\/object><a id=\"wp-block-file--media-a1559dde-80ed-42ca-9edf-b949a255190f\" href=\"https:\/\/feuerwehr-waldeck-frankenberg.de\/kfv\/wp-content\/uploads\/2026\/02\/Einladung-allgemein-fuer-Hompage-2026.pdf\">Einladung allgemein f\u00fcr Hompage 2026<\/a><a href=\"https:\/\/feuerwehr-waldeck-frankenberg.de\/kfv\/wp-content\/uploads\/2026\/02\/Einladung-allgemein-fuer-Hompage-2026.pdf\" class=\"wp-block-file__button wp-element-button\" download aria-describedby=\"wp-block-file--media-a1559dde-80ed-42ca-9edf-b949a255190f\">Herunterladen<\/a><\/div>\n\n\n\n<h2 class=\"wp-block-heading\" id=\"unterlagen-zur-veranstaltung\">Unterlagen zur Veranstaltung<\/h2>\n\n\n\n<p>Die Unterlagen zur Veranstaltung stellen wir Euch hier nach und nach zur Verf\u00fcgung. Bitte schaut daher gern ab und an wieder vorbei, um alle Aktualisierungen zu bekommen.<span style=\"color: var(--text-color); font-family: var(--text-font); font-size: 1.0625rem;\"><\/span><\/p>\n\n\n\n<h2 class=\"wp-block-heading\">Protokoll der Verbandsversammlung vom 16.03.2025<\/h2>\n\n\n\n<div data-wp-interactive=\"core\/file\" class=\"wp-block-file\"><object data-wp-bind--hidden=\"!state.hasPdfPreview\" hidden class=\"wp-block-file__embed\" data=\"https:\/\/feuerwehr-waldeck-frankenberg.de\/kfv\/wp-content\/uploads\/2026\/02\/Protokoll_Verbandsversammlung_2025_03_16-1.pdf\" type=\"application\/pdf\" style=\"width:100%;height:600px\" aria-label=\"Einbettung von Protokoll_Verbandsversammlung_2025_03_16.\"><\/object><a id=\"wp-block-file--media-9c6e7d6a-748f-45cb-ac58-fb09d948ddf5\" href=\"https:\/\/feuerwehr-waldeck-frankenberg.de\/kfv\/wp-content\/uploads\/2026\/02\/Protokoll_Verbandsversammlung_2025_03_16-1.pdf\">Protokoll_Verbandsversammlung_2025_03_16<\/a><a href=\"https:\/\/feuerwehr-waldeck-frankenberg.de\/kfv\/wp-content\/uploads\/2026\/02\/Protokoll_Verbandsversammlung_2025_03_16-1.pdf\" class=\"wp-block-file__button wp-element-button\" download aria-describedby=\"wp-block-file--media-9c6e7d6a-748f-45cb-ac58-fb09d948ddf5\">Herunterladen<\/a><\/div>\n\n\n\n<h2 class=\"wp-block-heading\">Kassenbericht 2025 und Haushaltsplan 2026<\/h2>\n\n\n\n<div data-wp-interactive=\"core\/file\" class=\"wp-block-file\"><object data-wp-bind--hidden=\"!state.hasPdfPreview\" hidden class=\"wp-block-file__embed\" data=\"https:\/\/feuerwehr-waldeck-frankenberg.de\/kfv\/wp-content\/uploads\/2026\/02\/Jahresabschluss_2025_20260128.pdf\" type=\"application\/pdf\" style=\"width:100%;height:600px\" aria-label=\"Einbettung von Jahresabschluss 2025 20260128.\"><\/object><a id=\"wp-block-file--media-cb9fb59b-3607-45f7-9a0d-143bd299cbe5\" href=\"https:\/\/feuerwehr-waldeck-frankenberg.de\/kfv\/wp-content\/uploads\/2026\/02\/Jahresabschluss_2025_20260128.pdf\">Jahresabschluss 2025 20260128<\/a><a href=\"https:\/\/feuerwehr-waldeck-frankenberg.de\/kfv\/wp-content\/uploads\/2026\/02\/Jahresabschluss_2025_20260128.pdf\" class=\"wp-block-file__button wp-element-button\" download aria-describedby=\"wp-block-file--media-cb9fb59b-3607-45f7-9a0d-143bd299cbe5\">Herunterladen<\/a><\/div>\n\n\n\n<div data-wp-interactive=\"core\/file\" class=\"wp-block-file\"><object data-wp-bind--hidden=\"!state.hasPdfPreview\" hidden class=\"wp-block-file__embed\" data=\"https:\/\/feuerwehr-waldeck-frankenberg.de\/kfv\/wp-content\/uploads\/2026\/02\/EinnahmenAusgaben2025Haushalt2026_final_20060223.pdf\" type=\"application\/pdf\" style=\"width:100%;height:600px\" aria-label=\"Einbettung von EinnahmenAusgaben2025Haushalt2026_final_20060223.\"><\/object><a id=\"wp-block-file--media-d33aabde-6f5c-4478-b4e8-970d6f4b2046\" href=\"https:\/\/feuerwehr-waldeck-frankenberg.de\/kfv\/wp-content\/uploads\/2026\/02\/EinnahmenAusgaben2025Haushalt2026_final_20060223.pdf\">EinnahmenAusgaben2025Haushalt2026_final_20060223<\/a><a href=\"https:\/\/feuerwehr-waldeck-frankenberg.de\/kfv\/wp-content\/uploads\/2026\/02\/EinnahmenAusgaben2025Haushalt2026_final_20060223.pdf\" class=\"wp-block-file__button wp-element-button\" download aria-describedby=\"wp-block-file--media-d33aabde-6f5c-4478-b4e8-970d6f4b2046\">Herunterladen<\/a><\/div>\n\n\n\n<h2 class=\"wp-block-heading\">Bericht des Vorsitzenden Gordon Kalh\u00f6fer<\/h2>\n\n\n\n<h2 class=\"wp-block-heading\">Bericht des Kreisbrandinspektors Gerhard Biederbick<\/h2>\n\n\n\n<div data-wp-interactive=\"core\/file\" class=\"wp-block-file\"><object data-wp-bind--hidden=\"!state.hasPdfPreview\" hidden class=\"wp-block-file__embed\" data=\"https:\/\/feuerwehr-waldeck-frankenberg.de\/kfv\/wp-content\/uploads\/2026\/03\/Jahresbericht-Kreisbrandinspektor-2025.pdf\" type=\"application\/pdf\" style=\"width:100%;height:600px\" aria-label=\"Einbettung von Jahresbericht Kreisbrandinspektor 2025.\"><\/object><a id=\"wp-block-file--media-617832d1-01f5-497d-85f3-dd1dc02a031c\" href=\"https:\/\/feuerwehr-waldeck-frankenberg.de\/kfv\/wp-content\/uploads\/2026\/03\/Jahresbericht-Kreisbrandinspektor-2025.pdf\">Jahresbericht Kreisbrandinspektor 2025<\/a><a href=\"https:\/\/feuerwehr-waldeck-frankenberg.de\/kfv\/wp-content\/uploads\/2026\/03\/Jahresbericht-Kreisbrandinspektor-2025.pdf\" class=\"wp-block-file__button wp-element-button\" download aria-describedby=\"wp-block-file--media-617832d1-01f5-497d-85f3-dd1dc02a031c\">Herunterladen<\/a><\/div>\n\n\n\n<h2 class=\"wp-block-heading\">Bericht des Kreisjugendfeuerwehrwartes Thomas Wittenburg<\/h2>\n\n\n\n<div data-wp-interactive=\"core\/file\" class=\"wp-block-file\"><object data-wp-bind--hidden=\"!state.hasPdfPreview\" hidden class=\"wp-block-file__embed\" data=\"https:\/\/feuerwehr-waldeck-frankenberg.de\/kfv\/wp-content\/uploads\/2026\/03\/KJF-Jahresrueckblick-2025.pdf\" type=\"application\/pdf\" style=\"width:100%;height:600px\" aria-label=\"Einbettung von KJF-Jahresr\u00fcckblick-2025.\"><\/object><a id=\"wp-block-file--media-4ec5156c-1e87-4aae-a763-4d75075df0d7\" href=\"https:\/\/feuerwehr-waldeck-frankenberg.de\/kfv\/wp-content\/uploads\/2026\/03\/KJF-Jahresrueckblick-2025.pdf\">KJF-Jahresr\u00fcckblick-2025<\/a><a href=\"https:\/\/feuerwehr-waldeck-frankenberg.de\/kfv\/wp-content\/uploads\/2026\/03\/KJF-Jahresrueckblick-2025.pdf\" class=\"wp-block-file__button wp-element-button\" download aria-describedby=\"wp-block-file--media-4ec5156c-1e87-4aae-a763-4d75075df0d7\">Herunterladen<\/a><\/div>\n\n\n\n<h2 class=\"wp-block-heading\">Jahresbericht des Sprechers der Kindergruppen Uwe Schaumburg<\/h2>\n\n\n\n<div data-wp-interactive=\"core\/file\" class=\"wp-block-file\"><object data-wp-bind--hidden=\"!state.hasPdfPreview\" hidden class=\"wp-block-file__embed\" data=\"https:\/\/feuerwehr-waldeck-frankenberg.de\/kfv\/wp-content\/uploads\/2026\/02\/Jahresbericht-2025-der-Kindergruppen.pdf\" type=\"application\/pdf\" style=\"width:100%;height:600px\" aria-label=\"Einbettung von Jahresbericht 2025 der Kindergruppen.\"><\/object><a id=\"wp-block-file--media-258aabde-e38b-4531-9e98-40393bbc7bc0\" href=\"https:\/\/feuerwehr-waldeck-frankenberg.de\/kfv\/wp-content\/uploads\/2026\/02\/Jahresbericht-2025-der-Kindergruppen.pdf\">Jahresbericht 2025 der Kindergruppen<\/a><a href=\"https:\/\/feuerwehr-waldeck-frankenberg.de\/kfv\/wp-content\/uploads\/2026\/02\/Jahresbericht-2025-der-Kindergruppen.pdf\" class=\"wp-block-file__button wp-element-button\" download aria-describedby=\"wp-block-file--media-258aabde-e38b-4531-9e98-40393bbc7bc0\">Herunterladen<\/a><\/div>\n\n\n\n<h2 class=\"wp-block-heading\">Bericht des Kreisstabf\u00fchrers Frank Parlow<\/h2>\n\n\n\n<div data-wp-interactive=\"core\/file\" class=\"wp-block-file\"><object data-wp-bind--hidden=\"!state.hasPdfPreview\" hidden class=\"wp-block-file__embed\" data=\"https:\/\/feuerwehr-waldeck-frankenberg.de\/kfv\/wp-content\/uploads\/2026\/02\/Jahresbericht-Kreisstabfuehrer-2025.pdf\" type=\"application\/pdf\" style=\"width:100%;height:600px\" aria-label=\"Einbettung von Jahresbericht Kreisstabf\u00fchrer 2025.\"><\/object><a id=\"wp-block-file--media-b72ab5ae-ca6b-4be8-bd8e-3aff6c3a6290\" href=\"https:\/\/feuerwehr-waldeck-frankenberg.de\/kfv\/wp-content\/uploads\/2026\/02\/Jahresbericht-Kreisstabfuehrer-2025.pdf\">Jahresbericht Kreisstabf\u00fchrer 2025<\/a><a href=\"https:\/\/feuerwehr-waldeck-frankenberg.de\/kfv\/wp-content\/uploads\/2026\/02\/Jahresbericht-Kreisstabfuehrer-2025.pdf\" class=\"wp-block-file__button wp-element-button\" download aria-describedby=\"wp-block-file--media-b72ab5ae-ca6b-4be8-bd8e-3aff6c3a6290\">Herunterladen<\/a><\/div>\n\n\n\n<h2 class=\"wp-block-heading\"><\/h2>\n\n\n\n<p><\/p>\n","protected":false},"excerpt":{"rendered":"<p>Am 8. M\u00e4rz 2026 um 9.30 Uhr findet die j\u00e4hrliche Versammlung in der Mehrzweckhalle Goddelsheim, Am Sportplatz 9, 35104 Lichtenfels &#8211; Goddelsheim statt. Einladung \/ Tagesordnung Unterlagen zur Veranstaltung Die Unterlagen zur Veranstaltung stellen wir Euch hier nach und nach zur Verf\u00fcgung. Bitte schaut daher gern ab und an wieder<\/p>\n","protected":false},"author":3,"featured_media":0,"parent":0,"menu_order":0,"comment_status":"closed","ping_status":"closed","template":"","meta":{"advgb_blocks_editor_width":"","advgb_blocks_columns_visual_guide":"","footnotes":""},"class_list":["post-2969","page","type-page","status-publish","hentry"],"coauthors":[],"author_meta":{"author_link":"https:\/\/feuerwehr-waldeck-frankenberg.de\/kfv\/author\/biedeg01\/","display_name":"Gerhard Biederbick"},"relative_dates":{"created":"Posted 2\u00a0Monaten ago","modified":"Updated 2\u00a0Monaten ago"},"absolute_dates":{"created":"Posted on 6. M\u00e4rz 2026","modified":"Updated on 6. M\u00e4rz 2026"},"absolute_dates_time":{"created":"Posted on 6. M\u00e4rz 2026 13:52","modified":"Updated on 6. M\u00e4rz 2026 13:52"},"featured_img_caption":"","featured_img":false,"series_order":"","_links":{"self":[{"href":"https:\/\/feuerwehr-waldeck-frankenberg.de\/kfv\/wp-json\/wp\/v2\/pages\/2969","targetHints":{"allow":["GET"]}}],"collection":[{"href":"https:\/\/feuerwehr-waldeck-frankenberg.de\/kfv\/wp-json\/wp\/v2\/pages"}],"about":[{"href":"https:\/\/feuerwehr-waldeck-frankenberg.de\/kfv\/wp-json\/wp\/v2\/types\/page"}],"author":[{"embeddable":true,"href":"https:\/\/feuerwehr-waldeck-frankenberg.de\/kfv\/wp-json\/wp\/v2\/users\/3"}],"replies":[{"embeddable":true,"href":"https:\/\/feuerwehr-waldeck-frankenberg.de\/kfv\/wp-json\/wp\/v2\/comments?post=2969"}],"version-history":[{"count":9,"href":"https:\/\/feuerwehr-waldeck-frankenberg.de\/kfv\/wp-json\/wp\/v2\/pages\/2969\/revisions"}],"predecessor-version":[{"id":3049,"href":"https:\/\/feuerwehr-waldeck-frankenberg.de\/kfv\/wp-json\/wp\/v2\/pages\/2969\/revisions\/3049"}],"wp:attachment":[{"href":"https:\/\/feuerwehr-waldeck-frankenberg.de\/kfv\/wp-json\/wp\/v2\/media?parent=2969"}],"curies":[{"name":"wp","href":"https:\/\/api.w.org\/{rel}","templated":true}]}}