{"id":33,"date":"2019-08-13T16:11:40","date_gmt":"2019-08-13T14:11:40","guid":{"rendered":"http:\/\/feuerwehr-waldeck-frankenberg.de\/kfv\/?page_id=33"},"modified":"2019-08-13T16:36:13","modified_gmt":"2019-08-13T14:36:13","slug":"kinderfeuerwehr","status":"publish","type":"page","link":"https:\/\/feuerwehr-waldeck-frankenberg.de\/kfv\/fachbereiche\/kinderfeuerwehr\/","title":{"rendered":"Kinderfeuerwehr"},"content":{"rendered":"\n<p>Die Kinderfeuerwehren in Waldeck-Frankenberg erfreuen sich wachsender Beliebtheit und sind ein wichtiger Eckpfeiler unserer Nachwuchsarbeit. Seit einigen Jahren sind die Kinderfeuerwehren im Hessischen Gesetz \u00fcber den Brandschutz und die allgemeine Hilfe verankert. Seitdem gr\u00fcnden sich immer mehr Gruppen in Waldeck-Frankenberg<\/p>\n\n\n\n<p>Mitmachen k\u00f6nnen alle M\u00e4dchen und Jungen von 6 bis 10 Jahren. Das Angebot ist vielf\u00e4ltig und wird von speziell geschulten Betreuern altersgruppengerecht aufbereitet. Angefangen bei der Brandschutzerziehung \u00fcber spielerische Aktivit\u00e4ten bis hin zum gemeinsamen Backen und Basteln oder auch Ausfl\u00fcgen in Freizeitparks wird ein vielf\u00e4ltiges Angebot vor Ort unterbreitet.<\/p>\n\n\n\n<p>Gern k\u00f6nnen Ihre Kinder oder Enkel einmal bei uns vorbeischauen. N\u00e4here Infos erhalten Sie entweder bei Ihrer Feuerwehr vor Ort (Ansprechpartner nennt Ihnen gern die Stadt- oder Gemeindeverwaltung) oder unser Ansprechpartner f\u00fcr die Kinderfeuerwehren Uwe Schaumburg.<\/p>\n","protected":false},"excerpt":{"rendered":"<p>Die Kinderfeuerwehren in Waldeck-Frankenberg erfreuen sich wachsender Beliebtheit und sind ein wichtiger Eckpfeiler unserer Nachwuchsarbeit. Seit einigen Jahren sind die Kinderfeuerwehren im Hessischen Gesetz \u00fcber den Brandschutz und die allgemeine Hilfe verankert. Seitdem gr\u00fcnden sich immer mehr Gruppen in Waldeck-Frankenberg Mitmachen k\u00f6nnen alle M\u00e4dchen und Jungen von 6 bis 10<\/p>\n","protected":false},"author":1,"featured_media":0,"parent":42,"menu_order":1,"comment_status":"closed","ping_status":"closed","template":"","meta":{"advgb_blocks_editor_width":"","advgb_blocks_columns_visual_guide":"","footnotes":""},"class_list":["post-33","page","type-page","status-publish","hentry"],"coauthors":[],"author_meta":{"author_link":"https:\/\/feuerwehr-waldeck-frankenberg.de\/kfv\/author\/markusadminkfv\/","display_name":"MarkusAdminKFV"},"relative_dates":{"created":"Posted 7\u00a0Jahren ago","modified":"Updated 7\u00a0Jahren ago"},"absolute_dates":{"created":"Posted on 13. August 2019","modified":"Updated on 13. August 2019"},"absolute_dates_time":{"created":"Posted on 13. August 2019 16:11","modified":"Updated on 13. August 2019 16:36"},"featured_img_caption":"","featured_img":false,"series_order":"","_links":{"self":[{"href":"https:\/\/feuerwehr-waldeck-frankenberg.de\/kfv\/wp-json\/wp\/v2\/pages\/33","targetHints":{"allow":["GET"]}}],"collection":[{"href":"https:\/\/feuerwehr-waldeck-frankenberg.de\/kfv\/wp-json\/wp\/v2\/pages"}],"about":[{"href":"https:\/\/feuerwehr-waldeck-frankenberg.de\/kfv\/wp-json\/wp\/v2\/types\/page"}],"author":[{"embeddable":true,"href":"https:\/\/feuerwehr-waldeck-frankenberg.de\/kfv\/wp-json\/wp\/v2\/users\/1"}],"replies":[{"embeddable":true,"href":"https:\/\/feuerwehr-waldeck-frankenberg.de\/kfv\/wp-json\/wp\/v2\/comments?post=33"}],"version-history":[{"count":1,"href":"https:\/\/feuerwehr-waldeck-frankenberg.de\/kfv\/wp-json\/wp\/v2\/pages\/33\/revisions"}],"predecessor-version":[{"id":34,"href":"https:\/\/feuerwehr-waldeck-frankenberg.de\/kfv\/wp-json\/wp\/v2\/pages\/33\/revisions\/34"}],"up":[{"embeddable":true,"href":"https:\/\/feuerwehr-waldeck-frankenberg.de\/kfv\/wp-json\/wp\/v2\/pages\/42"}],"wp:attachment":[{"href":"https:\/\/feuerwehr-waldeck-frankenberg.de\/kfv\/wp-json\/wp\/v2\/media?parent=33"}],"curies":[{"name":"wp","href":"https:\/\/api.w.org\/{rel}","templated":true}]}}