{"id":371,"date":"2021-10-28T22:55:20","date_gmt":"2021-10-28T20:55:20","guid":{"rendered":"https:\/\/feuerwehr-waldeck-frankenberg.de\/kfv\/?page_id=371"},"modified":"2021-10-28T23:05:16","modified_gmt":"2021-10-28T21:05:16","slug":"bfv-2021","status":"publish","type":"page","link":"https:\/\/feuerwehr-waldeck-frankenberg.de\/kfv\/bfv-2021\/","title":{"rendered":"Sitzung Bezirksverband Kurhessen-Waldeck"},"content":{"rendered":"\n<p>Die Verbandsversammlung des Bezirksfeuerwehrverbandes Kurhessen-Waldeck im Jahr 2021 wird pandemiebedingt in digitaler Form stattfinden. Im Mittelpunkt stehen dabei die Wahlen zum neuen Vorsitzenden (vorgeschlagen ist Gerhard Biederbick) sowie einige Satzungs\u00e4nderungen, die den Bezirksfeuerwehrverband zukunftsf\u00e4hig und modern aufstellen.<\/p>\n\n\n\n<p>Alle Informationen zur Versammlung werden hier zusammengetragen und fortlaufend aktualisiert.<\/p>\n\n\n\n<h2 class=\"wp-block-heading\">Videokonferenz<\/h2>\n\n\n\n<p>Die Versammlung wird digital mit dem Videokonferenztool Zoom statt. Am Samstag, 6. November ab 18 Uhr kann jeder einmal die Funktionalit\u00e4t testen und schauen, ob die Einwahl klappt. Die eigentliche Versammlung findet dann am Sonntag, 7. November um 10 Uhr statt. Der Zugang zum Konferenzraum ist ab 9.30 Uhr m\u00f6glich. Wichtig zu wissen ist, dass Eure Rederechte \u00fcber den Chat gew\u00e4hrleistet werden. Wenn Ihr technische Fragen habt, k\u00f6nnt Ihr im Tool den Bereich &#8220;F&amp;A&#8221; daf\u00fcr nutzen. Ebenso stehen wir per WhatsApp und Signal unter der Nummer 01 51-651 38 990 f\u00fcr Fragen zur Verf\u00fcgung.<\/p>\n\n\n\n<h2 class=\"wp-block-heading\">Einwahldaten f\u00fcr Delegierte<\/h2>\n\n\n\n<p>Die Einwahl <a rel=\"noreferrer noopener\" href=\"https:\/\/us06web.zoom.us\/j\/88989262758?pwd=V015eFB3N3Njd0ZhbVFMeTlRNExkZz09\" target=\"_blank\" data-type=\"URL\">erfolgt \u00fcber diesen Link<\/a> oder mit der Zoom-App mit der MeetingID 889 8926 2758 und dem Kenncode 143 326. Die \u00dcbungssitzung am Samstag <a rel=\"noreferrer noopener\" href=\"https:\/\/us06web.zoom.us\/j\/89963229469?pwd=VzBvdFpXMUxEdFBPQkxtUUgyMGpXUT09\" target=\"_blank\">findet ihr hier<\/a> mit der MeetingID 899 6322 9469 und dem Kenncode 074 286 Zugangsdaten. Die Testwahl findet Ihr am Samstag unter <a rel=\"noreferrer noopener\" href=\"https:\/\/digitalwahl.org\/bfv-test-2021\" target=\"_blank\">https:\/\/digitalwahl.org\/bfv-test-2021<\/a>.<\/p>\n\n\n\n<h2 class=\"wp-block-heading\">Abstimmungen und Wahlen<\/h2>\n\n\n\n<p>F\u00fcr die Abstimmungen und Wahlen nutzen wir das Angebot von Digitalwahl.org. F\u00fcr den Zugang ben\u00f6tigt Ihr ein Token, dass Ihr mit einer technischen Beschreibung per Post zugesandt bekommen habt. Dieses Token ist Eure Legitimation f\u00fcr die Wahl. Hier geht es zu Digitalwahl.org &#8211; entweder mit dem folgenden Link oder dem Veranstaltungscode &#8220;bfv-2021&#8221;:<\/p>\n\n\n\n<h3 class=\"has-text-align-center wp-block-heading\"><a href=\"https:\/\/digitalwahl.org\/bfv-2021\" target=\"_blank\" rel=\"noreferrer noopener\">https:\/\/digitalwahl.org\/bfv-2021<\/a><\/h3>\n\n\n\n<h2 class=\"wp-block-heading\">Wahl des Vorsitzenden und des Vorstandes<\/h2>\n\n\n\n<p>Unser bisheriger Vorsitzender Torsten Hertel hat mitgeteilt, dass er das Amt des Vorsitzenden nicht mehr l\u00e4nger aus\u00fcben m\u00f6chte. Auf Vorschlag des Vorstandes stellt sich Gerhard Biederbick (Kreisbrandinspektor im Landkreis Waldeck-Frankenberg) zur Wahl als Vorsitzender. F\u00fcr die \u00fcbrigen Positionen im gesch\u00e4ftsf\u00fchrenden Vorstand wurden ebenfalls Vertreter benannt.<\/p>\n\n\n\n<h2 class=\"wp-block-heading\">\u00c4nderung der Satzung<\/h2>\n\n\n\n<p>Nach langer Zeit sind einige Anpassungen der Satzung erforderlich, die den Verband f\u00fcr die Zukunft handlungsf\u00e4hig und modern aufstellen. Die \u00c4nderungen erfolgen auf Vorschlag des Vorstandes und wurden mit den einzelnen Kreisfeuerwehrverb\u00e4nden im Vorfeld er\u00f6rtert. Der Entwurf zur neuen Satzung findet sich hier:<\/p>\n\n\n\n<div class=\"wp-block-wpfd-wpfd-file\"><div class=\"wpfd-single-file\">\n    <div class=\"wpfd-single-file--icon\">\n            <a href=\"https:\/\/docs.google.com\/viewer?url&#x3D;https%3A%2F%2Ffeuerwehr-waldeck-frankenberg.de%2Fkfv%2Fwp-admin%2Fadmin-ajax.php%3Fjuwpfisadmin%3Dfalse%26action%3Dwpfd%26task%3Dfile.download%26wpfd_category_id%3D30%26wpfd_file_id%3D375%26token%3D%26preview%3D1&amp;embedded&#x3D;true\" alt=\"20210906_S...\" class=\"wpfdlightbox\">\n            <div class=\"wpfd-icon-placeholder\" style=\"background-image: url(&quot;https:\/\/feuerwehr-waldeck-frankenberg.de\/kfv\/wp-content\/plugins\/wp-file-download\/app\/site\/assets\/icons\/svg\/pdf.svg&quot;);border-radius: 4%;box-shadow: 0px 0px 0px 0px transparent;background-color: #CB0606;border: 0px solid ;background-size: 100%;\"><\/div>\n        <\/a>\n    <\/div>\n\n    <div class=\"wpfd-single-file--details wpfd-file-content\">\n                <h3 class=\"wpfd-file-content--title\">20210906_S...<\/h3>\n        <div class=\"wpfd-file-content--meta\">\n                    <div>File size: 467.11 KB<\/div>\n                    <div>Created: 28-10-2021<\/div>\n                    <div>Updated: 28-10-2021<\/div>\n                    <div>Hits: 345<\/div>\n        <\/div>\n    <\/div>\n    <div class=\"wpfd-single-file--buttons\">\n                                <a href=\"https:\/\/feuerwehr-waldeck-frankenberg.de\/kfv\/download\/30\/bezirksverband-2021\/375\/20210906_satzungsentwurf.pdf\"  data-id=\"375\" title=\"20210906_Satzungsentwurf\" class=\"noLightbox wpfd_downloadlink wpfd-single-file-button wpfd-button-download\">\n                    <svg xmlns=\"http:\/\/www.w3.org\/2000\/svg\" width=\"38\" height=\"38\" viewBox=\"0 0 400 400\"><g fill=\"#ffffff\"><path d=\"M178 234v-7V24c0-13 8-23 20-24 13-1 24 9 24 23v212l5-5 44-44c10-9 23-10 32-1s9 23-1 33l-85 85c-10 11-23 11-34 0l-85-86a22 22 0 0123-37 28 28 0 018 6l44 44a31 31 0 013 5zM200 400H24c-17 0-28-14-23-29 3-10 12-15 23-16h351c12 0 21 6 24 16 5 15-6 29-22 29H200z\"\/><\/g><\/svg>\n                    <span>Download<\/span>\n                <\/a>\n                        <a href=\"https:\/\/docs.google.com\/viewer?url&#x3D;https%3A%2F%2Ffeuerwehr-waldeck-frankenberg.de%2Fkfv%2Fwp-admin%2Fadmin-ajax.php%3Fjuwpfisadmin%3Dfalse%26action%3Dwpfd%26task%3Dfile.download%26wpfd_category_id%3D30%26wpfd_file_id%3D375%26token%3D%26preview%3D1&amp;embedded&#x3D;true\" class=\"wpfd-single-file-button wpfd-button-preview wpfd_previewlink wpfdlightbox\"\n                            data-id=\"375\" data-catid=\"30\"\n                            data-file-type=\"pdf\">\n                            <svg xmlns=\"http:\/\/www.w3.org\/2000\/svg\" width=\"38\" height=\"38\" viewBox=\"0 0 400 400\"><g fill=\"#ffffff\"><path d=\"M0 200V55C0 28 16 8 41 2a63 63 0 0115-2h289c32 0 55 23 55 54v248c0 10-6 16-15 16-8 0-14-6-14-16V56c0-16-11-27-28-27H57c-18 0-28 9-28 28v286c0 19 10 28 28 28h243c11 0 18 6 18 15s-7 14-18 14H56c-28 0-49-16-55-41a67 67 0 01-1-15V200z\"\/><path d=\"M314 302l15 15 52 51c7 7 7 14 2 20-6 6-13 5-20-2l-67-65a11 11 0 00-1-1 104 104 0 01-149-26c-29-43-20-99 20-133 39-33 99-31 137 4 38 34 45 93 11 137zm-159-64c-1 42 34 77 77 77 42 1 78-33 78-75 1-42-34-77-75-77-44-1-79 32-80 75z\"\/><\/g><\/svg>\n                            <span>Preview<\/span>\n                        <\/a>\n    <\/div>\n<\/div>\n<\/div>\n\n\n\n<h2 class=\"wp-block-heading\">Unterlagen zur Veranstaltung<\/h2>\n\n\n\n<p>Hier haben wir Euch die Berichte aus den letzten beiden Jahren zusammengestellt. Es handelt sich um die Kassen- und Kassenpr\u00fcfberichte sowie die inhaltlichen Berichte der einzelnen Bereiche. Ebenso gibt es hier die Tagesordnung noch einmal zum Nachlesen:<\/p>\n\n\n\n<div class=\"wp-block-wpfd-wpfd-file\"><div class=\"wpfd-single-file\">\n    <div class=\"wpfd-single-file--icon\">\n            <a href=\"https:\/\/docs.google.com\/viewer?url&#x3D;https%3A%2F%2Ffeuerwehr-waldeck-frankenberg.de%2Fkfv%2Fwp-admin%2Fadmin-ajax.php%3Fjuwpfisadmin%3Dfalse%26action%3Dwpfd%26task%3Dfile.download%26wpfd_category_id%3D30%26wpfd_file_id%3D373%26token%3D%26preview%3D1&amp;embedded&#x3D;true\" alt=\"Tagesordnu...\" class=\"wpfdlightbox\">\n            <div class=\"wpfd-icon-placeholder\" style=\"background-image: url(&quot;https:\/\/feuerwehr-waldeck-frankenberg.de\/kfv\/wp-content\/plugins\/wp-file-download\/app\/site\/assets\/icons\/svg\/pdf.svg&quot;);border-radius: 4%;box-shadow: 0px 0px 0px 0px transparent;background-color: #CB0606;border: 0px solid ;background-size: 100%;\"><\/div>\n        <\/a>\n    <\/div>\n\n    <div class=\"wpfd-single-file--details wpfd-file-content\">\n                <h3 class=\"wpfd-file-content--title\">Tagesordnu...<\/h3>\n        <div class=\"wpfd-file-content--meta\">\n                    <div>File size: 29.04 KB<\/div>\n                    <div>Created: 28-10-2021<\/div>\n                    <div>Updated: 28-10-2021<\/div>\n                    <div>Hits: 299<\/div>\n        <\/div>\n    <\/div>\n    <div class=\"wpfd-single-file--buttons\">\n                                <a href=\"https:\/\/feuerwehr-waldeck-frankenberg.de\/kfv\/download\/30\/bezirksverband-2021\/373\/tagesordnung_2021.pdf\"  data-id=\"373\" title=\"Tagesordnung_2021\" class=\"noLightbox wpfd_downloadlink wpfd-single-file-button wpfd-button-download\">\n                    <svg xmlns=\"http:\/\/www.w3.org\/2000\/svg\" width=\"38\" height=\"38\" viewBox=\"0 0 400 400\"><g fill=\"#ffffff\"><path d=\"M178 234v-7V24c0-13 8-23 20-24 13-1 24 9 24 23v212l5-5 44-44c10-9 23-10 32-1s9 23-1 33l-85 85c-10 11-23 11-34 0l-85-86a22 22 0 0123-37 28 28 0 018 6l44 44a31 31 0 013 5zM200 400H24c-17 0-28-14-23-29 3-10 12-15 23-16h351c12 0 21 6 24 16 5 15-6 29-22 29H200z\"\/><\/g><\/svg>\n                    <span>Download<\/span>\n                <\/a>\n                        <a href=\"https:\/\/docs.google.com\/viewer?url&#x3D;https%3A%2F%2Ffeuerwehr-waldeck-frankenberg.de%2Fkfv%2Fwp-admin%2Fadmin-ajax.php%3Fjuwpfisadmin%3Dfalse%26action%3Dwpfd%26task%3Dfile.download%26wpfd_category_id%3D30%26wpfd_file_id%3D373%26token%3D%26preview%3D1&amp;embedded&#x3D;true\" class=\"wpfd-single-file-button wpfd-button-preview wpfd_previewlink wpfdlightbox\"\n                            data-id=\"373\" data-catid=\"30\"\n                            data-file-type=\"pdf\">\n                            <svg xmlns=\"http:\/\/www.w3.org\/2000\/svg\" width=\"38\" height=\"38\" viewBox=\"0 0 400 400\"><g fill=\"#ffffff\"><path d=\"M0 200V55C0 28 16 8 41 2a63 63 0 0115-2h289c32 0 55 23 55 54v248c0 10-6 16-15 16-8 0-14-6-14-16V56c0-16-11-27-28-27H57c-18 0-28 9-28 28v286c0 19 10 28 28 28h243c11 0 18 6 18 15s-7 14-18 14H56c-28 0-49-16-55-41a67 67 0 01-1-15V200z\"\/><path d=\"M314 302l15 15 52 51c7 7 7 14 2 20-6 6-13 5-20-2l-67-65a11 11 0 00-1-1 104 104 0 01-149-26c-29-43-20-99 20-133 39-33 99-31 137 4 38 34 45 93 11 137zm-159-64c-1 42 34 77 77 77 42 1 78-33 78-75 1-42-34-77-75-77-44-1-79 32-80 75z\"\/><\/g><\/svg>\n                            <span>Preview<\/span>\n                        <\/a>\n    <\/div>\n<\/div>\n<\/div>\n\n\n\n<div class=\"wp-block-wpfd-wpfd-file\"><div class=\"wpfd-single-file\">\n    <div class=\"wpfd-single-file--icon\">\n            <a href=\"https:\/\/docs.google.com\/viewer?url&#x3D;https%3A%2F%2Ffeuerwehr-waldeck-frankenberg.de%2Fkfv%2Fwp-admin%2Fadmin-ajax.php%3Fjuwpfisadmin%3Dfalse%26action%3Dwpfd%26task%3Dfile.download%26wpfd_category_id%3D30%26wpfd_file_id%3D376%26token%3D%26preview%3D1&amp;embedded&#x3D;true\" alt=\"Protokoll_...\" class=\"wpfdlightbox\">\n            <div class=\"wpfd-icon-placeholder\" style=\"background-image: url(&quot;https:\/\/feuerwehr-waldeck-frankenberg.de\/kfv\/wp-content\/plugins\/wp-file-download\/app\/site\/assets\/icons\/svg\/pdf.svg&quot;);border-radius: 4%;box-shadow: 0px 0px 0px 0px transparent;background-color: #CB0606;border: 0px solid ;background-size: 100%;\"><\/div>\n        <\/a>\n    <\/div>\n\n    <div class=\"wpfd-single-file--details wpfd-file-content\">\n                <h3 class=\"wpfd-file-content--title\">Protokoll_...<\/h3>\n        <div class=\"wpfd-file-content--meta\">\n                    <div>File size: 0.98 MB<\/div>\n                    <div>Created: 28-10-2021<\/div>\n                    <div>Updated: 28-10-2021<\/div>\n                    <div>Hits: 303<\/div>\n        <\/div>\n    <\/div>\n    <div class=\"wpfd-single-file--buttons\">\n                                <a href=\"https:\/\/feuerwehr-waldeck-frankenberg.de\/kfv\/download\/30\/bezirksverband-2021\/376\/protokoll_verbandsversammlung2020.pdf\"  data-id=\"376\" title=\"Protokoll_Verbandsversammlung2020\" class=\"noLightbox wpfd_downloadlink wpfd-single-file-button wpfd-button-download\">\n                    <svg xmlns=\"http:\/\/www.w3.org\/2000\/svg\" width=\"38\" height=\"38\" viewBox=\"0 0 400 400\"><g fill=\"#ffffff\"><path d=\"M178 234v-7V24c0-13 8-23 20-24 13-1 24 9 24 23v212l5-5 44-44c10-9 23-10 32-1s9 23-1 33l-85 85c-10 11-23 11-34 0l-85-86a22 22 0 0123-37 28 28 0 018 6l44 44a31 31 0 013 5zM200 400H24c-17 0-28-14-23-29 3-10 12-15 23-16h351c12 0 21 6 24 16 5 15-6 29-22 29H200z\"\/><\/g><\/svg>\n                    <span>Download<\/span>\n                <\/a>\n                        <a href=\"https:\/\/docs.google.com\/viewer?url&#x3D;https%3A%2F%2Ffeuerwehr-waldeck-frankenberg.de%2Fkfv%2Fwp-admin%2Fadmin-ajax.php%3Fjuwpfisadmin%3Dfalse%26action%3Dwpfd%26task%3Dfile.download%26wpfd_category_id%3D30%26wpfd_file_id%3D376%26token%3D%26preview%3D1&amp;embedded&#x3D;true\" class=\"wpfd-single-file-button wpfd-button-preview wpfd_previewlink wpfdlightbox\"\n                            data-id=\"376\" data-catid=\"30\"\n                            data-file-type=\"pdf\">\n                            <svg xmlns=\"http:\/\/www.w3.org\/2000\/svg\" width=\"38\" height=\"38\" viewBox=\"0 0 400 400\"><g fill=\"#ffffff\"><path d=\"M0 200V55C0 28 16 8 41 2a63 63 0 0115-2h289c32 0 55 23 55 54v248c0 10-6 16-15 16-8 0-14-6-14-16V56c0-16-11-27-28-27H57c-18 0-28 9-28 28v286c0 19 10 28 28 28h243c11 0 18 6 18 15s-7 14-18 14H56c-28 0-49-16-55-41a67 67 0 01-1-15V200z\"\/><path d=\"M314 302l15 15 52 51c7 7 7 14 2 20-6 6-13 5-20-2l-67-65a11 11 0 00-1-1 104 104 0 01-149-26c-29-43-20-99 20-133 39-33 99-31 137 4 38 34 45 93 11 137zm-159-64c-1 42 34 77 77 77 42 1 78-33 78-75 1-42-34-77-75-77-44-1-79 32-80 75z\"\/><\/g><\/svg>\n                            <span>Preview<\/span>\n                        <\/a>\n    <\/div>\n<\/div>\n<\/div>\n\n\n\n<div class=\"wp-block-wpfd-wpfd-file\"><div class=\"wpfd-single-file\">\n    <div class=\"wpfd-single-file--icon\">\n            <a href=\"https:\/\/docs.google.com\/viewer?url&#x3D;https%3A%2F%2Ffeuerwehr-waldeck-frankenberg.de%2Fkfv%2Fwp-admin%2Fadmin-ajax.php%3Fjuwpfisadmin%3Dfalse%26action%3Dwpfd%26task%3Dfile.download%26wpfd_category_id%3D30%26wpfd_file_id%3D374%26token%3D%26preview%3D1&amp;embedded&#x3D;true\" alt=\"Haushaltsv...\" class=\"wpfdlightbox\">\n            <div class=\"wpfd-icon-placeholder\" style=\"background-image: url(&quot;https:\/\/feuerwehr-waldeck-frankenberg.de\/kfv\/wp-content\/plugins\/wp-file-download\/app\/site\/assets\/icons\/svg\/pdf.svg&quot;);border-radius: 4%;box-shadow: 0px 0px 0px 0px transparent;background-color: #CB0606;border: 0px solid ;background-size: 100%;\"><\/div>\n        <\/a>\n    <\/div>\n\n    <div class=\"wpfd-single-file--details wpfd-file-content\">\n                <h3 class=\"wpfd-file-content--title\">Haushaltsv...<\/h3>\n        <div class=\"wpfd-file-content--meta\">\n                    <div>File size: 199.84 KB<\/div>\n                    <div>Created: 28-10-2021<\/div>\n                    <div>Updated: 28-10-2021<\/div>\n                    <div>Hits: 304<\/div>\n        <\/div>\n    <\/div>\n    <div class=\"wpfd-single-file--buttons\">\n                                <a href=\"https:\/\/feuerwehr-waldeck-frankenberg.de\/kfv\/download\/30\/bezirksverband-2021\/374\/haushaltsvoranschlag2021_kassenbericht2020.pdf\"  data-id=\"374\" title=\"Haushaltsvoranschlag2021_Kassenbericht2020\" class=\"noLightbox wpfd_downloadlink wpfd-single-file-button wpfd-button-download\">\n                    <svg xmlns=\"http:\/\/www.w3.org\/2000\/svg\" width=\"38\" height=\"38\" viewBox=\"0 0 400 400\"><g fill=\"#ffffff\"><path d=\"M178 234v-7V24c0-13 8-23 20-24 13-1 24 9 24 23v212l5-5 44-44c10-9 23-10 32-1s9 23-1 33l-85 85c-10 11-23 11-34 0l-85-86a22 22 0 0123-37 28 28 0 018 6l44 44a31 31 0 013 5zM200 400H24c-17 0-28-14-23-29 3-10 12-15 23-16h351c12 0 21 6 24 16 5 15-6 29-22 29H200z\"\/><\/g><\/svg>\n                    <span>Download<\/span>\n                <\/a>\n                        <a href=\"https:\/\/docs.google.com\/viewer?url&#x3D;https%3A%2F%2Ffeuerwehr-waldeck-frankenberg.de%2Fkfv%2Fwp-admin%2Fadmin-ajax.php%3Fjuwpfisadmin%3Dfalse%26action%3Dwpfd%26task%3Dfile.download%26wpfd_category_id%3D30%26wpfd_file_id%3D374%26token%3D%26preview%3D1&amp;embedded&#x3D;true\" class=\"wpfd-single-file-button wpfd-button-preview wpfd_previewlink wpfdlightbox\"\n                            data-id=\"374\" data-catid=\"30\"\n                            data-file-type=\"pdf\">\n                            <svg xmlns=\"http:\/\/www.w3.org\/2000\/svg\" width=\"38\" height=\"38\" viewBox=\"0 0 400 400\"><g fill=\"#ffffff\"><path d=\"M0 200V55C0 28 16 8 41 2a63 63 0 0115-2h289c32 0 55 23 55 54v248c0 10-6 16-15 16-8 0-14-6-14-16V56c0-16-11-27-28-27H57c-18 0-28 9-28 28v286c0 19 10 28 28 28h243c11 0 18 6 18 15s-7 14-18 14H56c-28 0-49-16-55-41a67 67 0 01-1-15V200z\"\/><path d=\"M314 302l15 15 52 51c7 7 7 14 2 20-6 6-13 5-20-2l-67-65a11 11 0 00-1-1 104 104 0 01-149-26c-29-43-20-99 20-133 39-33 99-31 137 4 38 34 45 93 11 137zm-159-64c-1 42 34 77 77 77 42 1 78-33 78-75 1-42-34-77-75-77-44-1-79 32-80 75z\"\/><\/g><\/svg>\n                            <span>Preview<\/span>\n                        <\/a>\n    <\/div>\n<\/div>\n<\/div>\n\n\n\n<h2 class=\"wp-block-heading\">Technische Hinweise<\/h2>\n\n\n\n<p>Hier sind auch alle weiteren technischen Hinweise noch einmal in einem Dokument zusammengefasst:<\/p>\n\n\n\n<div class=\"wp-block-wpfd-wpfd-file\"><div class=\"wpfd-single-file\">\n    <div class=\"wpfd-single-file--icon\">\n            <a href=\"https:\/\/docs.google.com\/viewer?url&#x3D;https%3A%2F%2Ffeuerwehr-waldeck-frankenberg.de%2Fkfv%2Fwp-admin%2Fadmin-ajax.php%3Fjuwpfisadmin%3Dfalse%26action%3Dwpfd%26task%3Dfile.download%26wpfd_category_id%3D30%26wpfd_file_id%3D385%26token%3D%26preview%3D1&amp;embedded&#x3D;true\" alt=\"Technische...\" class=\"wpfdlightbox\">\n            <div class=\"wpfd-icon-placeholder\" style=\"background-image: url(&quot;https:\/\/feuerwehr-waldeck-frankenberg.de\/kfv\/wp-content\/plugins\/wp-file-download\/app\/site\/assets\/icons\/svg\/pdf.svg&quot;);border-radius: 4%;box-shadow: 0px 0px 0px 0px transparent;background-color: #CB0606;border: 0px solid ;background-size: 100%;\"><\/div>\n        <\/a>\n    <\/div>\n\n    <div class=\"wpfd-single-file--details wpfd-file-content\">\n                <h3 class=\"wpfd-file-content--title\">Technische...<\/h3>\n        <div class=\"wpfd-file-content--meta\">\n                    <div>File size: 8.44 MB<\/div>\n                    <div>Created: 28-10-2021<\/div>\n                    <div>Updated: 28-10-2021<\/div>\n                    <div>Hits: 331<\/div>\n        <\/div>\n    <\/div>\n    <div class=\"wpfd-single-file--buttons\">\n                                <a href=\"https:\/\/feuerwehr-waldeck-frankenberg.de\/kfv\/download\/30\/bezirksverband-2021\/385\/technische-anleitung-bfv-2021.pdf\"  data-id=\"385\" title=\"Technische Anleitung BFV 2021\" class=\"noLightbox wpfd_downloadlink wpfd-single-file-button wpfd-button-download\">\n                    <svg xmlns=\"http:\/\/www.w3.org\/2000\/svg\" width=\"38\" height=\"38\" viewBox=\"0 0 400 400\"><g fill=\"#ffffff\"><path d=\"M178 234v-7V24c0-13 8-23 20-24 13-1 24 9 24 23v212l5-5 44-44c10-9 23-10 32-1s9 23-1 33l-85 85c-10 11-23 11-34 0l-85-86a22 22 0 0123-37 28 28 0 018 6l44 44a31 31 0 013 5zM200 400H24c-17 0-28-14-23-29 3-10 12-15 23-16h351c12 0 21 6 24 16 5 15-6 29-22 29H200z\"\/><\/g><\/svg>\n                    <span>Download<\/span>\n                <\/a>\n                        <a href=\"https:\/\/docs.google.com\/viewer?url&#x3D;https%3A%2F%2Ffeuerwehr-waldeck-frankenberg.de%2Fkfv%2Fwp-admin%2Fadmin-ajax.php%3Fjuwpfisadmin%3Dfalse%26action%3Dwpfd%26task%3Dfile.download%26wpfd_category_id%3D30%26wpfd_file_id%3D385%26token%3D%26preview%3D1&amp;embedded&#x3D;true\" class=\"wpfd-single-file-button wpfd-button-preview wpfd_previewlink wpfdlightbox\"\n                            data-id=\"385\" data-catid=\"30\"\n                            data-file-type=\"pdf\">\n                            <svg xmlns=\"http:\/\/www.w3.org\/2000\/svg\" width=\"38\" height=\"38\" viewBox=\"0 0 400 400\"><g fill=\"#ffffff\"><path d=\"M0 200V55C0 28 16 8 41 2a63 63 0 0115-2h289c32 0 55 23 55 54v248c0 10-6 16-15 16-8 0-14-6-14-16V56c0-16-11-27-28-27H57c-18 0-28 9-28 28v286c0 19 10 28 28 28h243c11 0 18 6 18 15s-7 14-18 14H56c-28 0-49-16-55-41a67 67 0 01-1-15V200z\"\/><path d=\"M314 302l15 15 52 51c7 7 7 14 2 20-6 6-13 5-20-2l-67-65a11 11 0 00-1-1 104 104 0 01-149-26c-29-43-20-99 20-133 39-33 99-31 137 4 38 34 45 93 11 137zm-159-64c-1 42 34 77 77 77 42 1 78-33 78-75 1-42-34-77-75-77-44-1-79 32-80 75z\"\/><\/g><\/svg>\n                            <span>Preview<\/span>\n                        <\/a>\n    <\/div>\n<\/div>\n<\/div>\n","protected":false},"excerpt":{"rendered":"<p>Die Verbandsversammlung des Bezirksfeuerwehrverbandes Kurhessen-Waldeck im Jahr 2021 wird pandemiebedingt in digitaler Form stattfinden. Im Mittelpunkt stehen dabei die Wahlen zum neuen Vorsitzenden (vorgeschlagen ist Gerhard Biederbick) sowie einige Satzungs\u00e4nderungen, die den Bezirksfeuerwehrverband zukunftsf\u00e4hig und modern aufstellen. Alle Informationen zur Versammlung werden hier zusammengetragen und fortlaufend aktualisiert. Videokonferenz Die Versammlung<\/p>\n","protected":false},"author":1,"featured_media":0,"parent":0,"menu_order":0,"comment_status":"closed","ping_status":"closed","template":"","meta":{"advgb_blocks_editor_width":"","advgb_blocks_columns_visual_guide":"","footnotes":""},"class_list":["post-371","page","type-page","status-publish","hentry"],"coauthors":[],"author_meta":{"author_link":"https:\/\/feuerwehr-waldeck-frankenberg.de\/kfv\/author\/markusadminkfv\/","display_name":"MarkusAdminKFV"},"relative_dates":{"created":"Posted 4\u00a0Jahren ago","modified":"Updated 4\u00a0Jahren ago"},"absolute_dates":{"created":"Posted on 28. Oktober 2021","modified":"Updated on 28. Oktober 2021"},"absolute_dates_time":{"created":"Posted on 28. Oktober 2021 22:55","modified":"Updated on 28. Oktober 2021 23:05"},"featured_img_caption":"","featured_img":false,"series_order":"","_links":{"self":[{"href":"https:\/\/feuerwehr-waldeck-frankenberg.de\/kfv\/wp-json\/wp\/v2\/pages\/371","targetHints":{"allow":["GET"]}}],"collection":[{"href":"https:\/\/feuerwehr-waldeck-frankenberg.de\/kfv\/wp-json\/wp\/v2\/pages"}],"about":[{"href":"https:\/\/feuerwehr-waldeck-frankenberg.de\/kfv\/wp-json\/wp\/v2\/types\/page"}],"author":[{"embeddable":true,"href":"https:\/\/feuerwehr-waldeck-frankenberg.de\/kfv\/wp-json\/wp\/v2\/users\/1"}],"replies":[{"embeddable":true,"href":"https:\/\/feuerwehr-waldeck-frankenberg.de\/kfv\/wp-json\/wp\/v2\/comments?post=371"}],"version-history":[{"count":4,"href":"https:\/\/feuerwehr-waldeck-frankenberg.de\/kfv\/wp-json\/wp\/v2\/pages\/371\/revisions"}],"predecessor-version":[{"id":386,"href":"https:\/\/feuerwehr-waldeck-frankenberg.de\/kfv\/wp-json\/wp\/v2\/pages\/371\/revisions\/386"}],"wp:attachment":[{"href":"https:\/\/feuerwehr-waldeck-frankenberg.de\/kfv\/wp-json\/wp\/v2\/media?parent=371"}],"curies":[{"name":"wp","href":"https:\/\/api.w.org\/{rel}","templated":true}]}}