{"id":946,"date":"2023-02-08T16:16:02","date_gmt":"2023-02-08T15:16:02","guid":{"rendered":"https:\/\/feuerwehr-waldeck-frankenberg.de\/kfv\/?page_id=946"},"modified":"2023-03-14T14:02:54","modified_gmt":"2023-03-14T13:02:54","slug":"verbandsversammlung2023","status":"publish","type":"page","link":"https:\/\/feuerwehr-waldeck-frankenberg.de\/kfv\/verbandsversammlung2023\/","title":{"rendered":"Verbandsversammlung 2023"},"content":{"rendered":"\n<p>Die Verbandsversammlung des Kreisfeuerwehrverbandes 2022 wird nach der Corona-Pandemie nun wieder in Pr\u00e4senz stattfinden. Am <strong>12. M\u00e4rz 2023 um 9.30 Uhr<\/strong> findet die j\u00e4hrliche Versammlung in der <strong>Stadthalle in Waldeck-Sachsenhausen<\/strong> statt.<\/p>\n\n\n\n<h2 class=\"wp-block-heading\">Tagesordnung<\/h2>\n\n\n\n<p>Die aktuelle Tagesordnung findet Ihr hier zur Ansicht und zum Download<\/p>\n\n\n\n<div data-wp-interactive=\"core\/file\" class=\"wp-block-file alignleft\"><object data-wp-bind--hidden=\"!state.hasPdfPreview\" hidden class=\"wp-block-file__embed\" data=\"https:\/\/feuerwehr-waldeck-frankenberg.de\/kfv\/wp-content\/uploads\/2023\/02\/Einladung-Verbandsversammlung-KFV-Waldeck-Frankenberg-12.03.2023.pdf\" type=\"application\/pdf\" style=\"width:100%;height:600px\" aria-label=\"Einbettung von Einladung Verbandsversammlung KFV Waldeck Frankenberg 12.03.2023.\"><\/object><a id=\"wp-block-file--media-c327e628-fcbb-43e0-8a1e-01a71b2864d6\" href=\"https:\/\/feuerwehr-waldeck-frankenberg.de\/kfv\/wp-content\/uploads\/2023\/02\/Einladung-Verbandsversammlung-KFV-Waldeck-Frankenberg-12.03.2023.pdf\">Einladung Verbandsversammlung KFV Waldeck Frankenberg 12.03.2023<\/a><a href=\"https:\/\/feuerwehr-waldeck-frankenberg.de\/kfv\/wp-content\/uploads\/2023\/02\/Einladung-Verbandsversammlung-KFV-Waldeck-Frankenberg-12.03.2023.pdf\" class=\"wp-block-file__button wp-element-button\" download aria-describedby=\"wp-block-file--media-c327e628-fcbb-43e0-8a1e-01a71b2864d6\">Herunterladen<\/a><\/div>\n\n\n\n<h2 class=\"wp-block-heading\" id=\"unterlagen-zur-veranstaltung\">Unterlagen zur Veranstaltung<\/h2>\n\n\n\n<p>Die Unterlagen zur Veranstaltung stellen wir Euch hier nach und nach zur Verf\u00fcgung. Bitte schaut daher gern ab und an wieder vorbei, um alle Aktualisierungen zu bekommen.<span style=\"color: var(--text-color); font-family: var(--text-font); font-size: 1.0625rem;\"><\/span><\/p>\n\n\n\n<h2 class=\"wp-block-heading\">Protokoll der letzten Versammlung<\/h2>\n\n\n\n<div data-wp-interactive=\"core\/file\" class=\"wp-block-file\"><object data-wp-bind--hidden=\"!state.hasPdfPreview\" hidden class=\"wp-block-file__embed\" data=\"https:\/\/feuerwehr-waldeck-frankenberg.de\/kfv\/wp-content\/uploads\/2023\/03\/Protokoll-Verbandsversammlung-2022.pdf\" type=\"application\/pdf\" style=\"width:100%;height:600px\" aria-label=\"Einbettung von Protokoll Verbandsversammlung 2022.\"><\/object><a id=\"wp-block-file--media-dfede164-d823-4d8a-8978-4b0a5d5206ba\" href=\"https:\/\/feuerwehr-waldeck-frankenberg.de\/kfv\/wp-content\/uploads\/2023\/03\/Protokoll-Verbandsversammlung-2022.pdf\">Protokoll Verbandsversammlung 2022<\/a><a href=\"https:\/\/feuerwehr-waldeck-frankenberg.de\/kfv\/wp-content\/uploads\/2023\/03\/Protokoll-Verbandsversammlung-2022.pdf\" class=\"wp-block-file__button wp-element-button\" download aria-describedby=\"wp-block-file--media-dfede164-d823-4d8a-8978-4b0a5d5206ba\">Herunterladen<\/a><\/div>\n\n\n\n<h2 class=\"wp-block-heading\">Kassenbericht 2022 und Haushaltsplan 2023<\/h2>\n\n\n\n<div data-wp-interactive=\"core\/file\" class=\"wp-block-file\"><object data-wp-bind--hidden=\"!state.hasPdfPreview\" hidden class=\"wp-block-file__embed\" data=\"https:\/\/feuerwehr-waldeck-frankenberg.de\/kfv\/wp-content\/uploads\/2023\/03\/Jahresabschluss_2022_Haushalt_2023.pdf\" type=\"application\/pdf\" style=\"width:100%;height:600px\" aria-label=\"Einbettung von Jahresabschluss 2022 Haushalt 2023.\"><\/object><a id=\"wp-block-file--media-be6dd814-f76e-4820-ac26-aa885dd02c53\" href=\"https:\/\/feuerwehr-waldeck-frankenberg.de\/kfv\/wp-content\/uploads\/2023\/03\/Jahresabschluss_2022_Haushalt_2023.pdf\">Jahresabschluss 2022 Haushalt 2023<\/a><a href=\"https:\/\/feuerwehr-waldeck-frankenberg.de\/kfv\/wp-content\/uploads\/2023\/03\/Jahresabschluss_2022_Haushalt_2023.pdf\" class=\"wp-block-file__button wp-element-button\" download aria-describedby=\"wp-block-file--media-be6dd814-f76e-4820-ac26-aa885dd02c53\">Herunterladen<\/a><\/div>\n\n\n\n<h2 class=\"wp-block-heading\">Bericht des Vorsitzenden Gordon Kalh\u00f6fer<\/h2>\n\n\n\n<div data-wp-interactive=\"core\/file\" class=\"wp-block-file\"><object data-wp-bind--hidden=\"!state.hasPdfPreview\" hidden class=\"wp-block-file__embed\" data=\"https:\/\/feuerwehr-waldeck-frankenberg.de\/kfv\/wp-content\/uploads\/2023\/03\/230212-Jahresbericht-2022.pdf\" type=\"application\/pdf\" style=\"width:100%;height:600px\" aria-label=\"Einbettung von 230212-Jahresbericht-2022.\"><\/object><a id=\"wp-block-file--media-7ecebd67-4647-4c6c-83d1-87f46de07410\" href=\"https:\/\/feuerwehr-waldeck-frankenberg.de\/kfv\/wp-content\/uploads\/2023\/03\/230212-Jahresbericht-2022.pdf\">230212-Jahresbericht-2022<\/a><a href=\"https:\/\/feuerwehr-waldeck-frankenberg.de\/kfv\/wp-content\/uploads\/2023\/03\/230212-Jahresbericht-2022.pdf\" class=\"wp-block-file__button wp-element-button\" download aria-describedby=\"wp-block-file--media-7ecebd67-4647-4c6c-83d1-87f46de07410\">Herunterladen<\/a><\/div>\n\n\n\n<h2 class=\"wp-block-heading\">Bericht des Kreisbrandinspektors Gerhard Biederbick<\/h2>\n\n\n\n\n\n<h2 class=\"wp-block-heading\">Bericht des Kreisjugendfeuerwehrwartes Markus Potthof<\/h2>\n\n\n\n<div data-wp-interactive=\"core\/file\" class=\"wp-block-file\"><object data-wp-bind--hidden=\"!state.hasPdfPreview\" hidden class=\"wp-block-file__embed\" data=\"https:\/\/feuerwehr-waldeck-frankenberg.de\/kfv\/wp-content\/uploads\/2023\/03\/2023-Jahresbericht-KJFW-fuer-KFV.pdf\" type=\"application\/pdf\" style=\"width:100%;height:600px\" aria-label=\"Einbettung von 2023-Jahresbericht-KJFW-fuer-KFV.\"><\/object><a id=\"wp-block-file--media-8653acc8-ad12-40b2-9e4f-75f4ca276807\" href=\"https:\/\/feuerwehr-waldeck-frankenberg.de\/kfv\/wp-content\/uploads\/2023\/03\/2023-Jahresbericht-KJFW-fuer-KFV.pdf\">2023-Jahresbericht-KJFW-fuer-KFV<\/a><a href=\"https:\/\/feuerwehr-waldeck-frankenberg.de\/kfv\/wp-content\/uploads\/2023\/03\/2023-Jahresbericht-KJFW-fuer-KFV.pdf\" class=\"wp-block-file__button wp-element-button\" download aria-describedby=\"wp-block-file--media-8653acc8-ad12-40b2-9e4f-75f4ca276807\">Herunterladen<\/a><\/div>\n","protected":false},"excerpt":{"rendered":"<p>Die Verbandsversammlung des Kreisfeuerwehrverbandes 2022 wird nach der Corona-Pandemie nun wieder in Pr\u00e4senz stattfinden. Am 12. M\u00e4rz 2023 um 9.30 Uhr findet die j\u00e4hrliche Versammlung in der Stadthalle in Waldeck-Sachsenhausen statt. Tagesordnung Die aktuelle Tagesordnung findet Ihr hier zur Ansicht und zum Download Unterlagen zur Veranstaltung Die Unterlagen zur Veranstaltung<\/p>\n","protected":false},"author":1,"featured_media":0,"parent":0,"menu_order":0,"comment_status":"closed","ping_status":"closed","template":"","meta":{"advgb_blocks_editor_width":"","advgb_blocks_columns_visual_guide":"","footnotes":""},"class_list":["post-946","page","type-page","status-publish","hentry"],"coauthors":[],"author_meta":{"author_link":"https:\/\/feuerwehr-waldeck-frankenberg.de\/kfv\/author\/markusadminkfv\/","display_name":"MarkusAdminKFV"},"relative_dates":{"created":"Posted 3\u00a0Jahren ago","modified":"Updated 3\u00a0Jahren ago"},"absolute_dates":{"created":"Posted on 8. Februar 2023","modified":"Updated on 14. M\u00e4rz 2023"},"absolute_dates_time":{"created":"Posted on 8. Februar 2023 16:16","modified":"Updated on 14. M\u00e4rz 2023 14:02"},"featured_img_caption":"","featured_img":false,"series_order":"","_links":{"self":[{"href":"https:\/\/feuerwehr-waldeck-frankenberg.de\/kfv\/wp-json\/wp\/v2\/pages\/946","targetHints":{"allow":["GET"]}}],"collection":[{"href":"https:\/\/feuerwehr-waldeck-frankenberg.de\/kfv\/wp-json\/wp\/v2\/pages"}],"about":[{"href":"https:\/\/feuerwehr-waldeck-frankenberg.de\/kfv\/wp-json\/wp\/v2\/types\/page"}],"author":[{"embeddable":true,"href":"https:\/\/feuerwehr-waldeck-frankenberg.de\/kfv\/wp-json\/wp\/v2\/users\/1"}],"replies":[{"embeddable":true,"href":"https:\/\/feuerwehr-waldeck-frankenberg.de\/kfv\/wp-json\/wp\/v2\/comments?post=946"}],"version-history":[{"count":6,"href":"https:\/\/feuerwehr-waldeck-frankenberg.de\/kfv\/wp-json\/wp\/v2\/pages\/946\/revisions"}],"predecessor-version":[{"id":998,"href":"https:\/\/feuerwehr-waldeck-frankenberg.de\/kfv\/wp-json\/wp\/v2\/pages\/946\/revisions\/998"}],"wp:attachment":[{"href":"https:\/\/feuerwehr-waldeck-frankenberg.de\/kfv\/wp-json\/wp\/v2\/media?parent=946"}],"curies":[{"name":"wp","href":"https:\/\/api.w.org\/{rel}","templated":true}]}}