{"id":110,"date":"2020-09-14T15:33:10","date_gmt":"2020-09-14T13:33:10","guid":{"rendered":"https:\/\/feuerwehr-waldeck-frankenberg.de\/kjf\/?page_id=110"},"modified":"2020-09-14T15:54:37","modified_gmt":"2020-09-14T13:54:37","slug":"ueber-uns","status":"publish","type":"page","link":"https:\/\/feuerwehr-waldeck-frankenberg.de\/kjf\/","title":{"rendered":"\u00dcber uns"},"content":{"rendered":"\n<p>Die Kreisjugendfeuerwehr Waldeck-Frankenberg ist der Zusammenschluss von 139 Jugendfeuerwehren mit \u00fcber 1.500 M\u00e4dchen und Jungen im fl\u00e4chengr\u00f6\u00dften Landkreis Hessens.<\/p>\n\n\n\n<p>Seit 1978 sind wir kreisweit aktiv. Wesentliche Inhalte unserer Arbeit sind seitdem die Organisation von gemeinsamen Veranstaltungen und Wettbewerben ebenso wie die Aus- und Fortbildung unserer Betreuerinnen und Betreuer.<\/p>\n\n\n\n<p>Besonders herausragend sind dabei unsere j\u00e4hrlichen Zeltlager. Diese wurden zuletzt immer h\u00e4ufiger als Gro\u00dfzeltlager f\u00fcr alle Jugendfeuerwehren des Landkreises angeboten. An einem Wochenende kommen dann \u00fcber 1.200 Jugendliche zusammen und verbringen ein aufregendes Wochenende als Gast einer unserer Freiwilligen Feuerwehren im Landkreis. \u00dcblicherweise ist das Programm des Wochenendes recht vollgepackt mit dem traditionellen Fackelzug, den Wettbewerben, alternativen Spielen, Fahrzeugausstellungen und unserer Jugendspange. Aber es bleibt immer noch Zeit zum Chillen und Freunde treffen. Nicht zuletzt beim Discoabend am Samstag.<\/p>\n\n\n\n<p>Ebenso wie unsere Zeltlager sind ist aber auch die Wettbewerbsarbeit pr\u00e4gend f\u00fcr die Jugendarbeit im Landkreis. Sei es der Region Burgwald-Cup, der Florian-Cup oder der Samstag bei unseren Gro\u00dfzeltlagern. An diesem Tag starten schon einmal \u00fcber 100 Gruppen an einem Tag &#8211; das ist hessenweit einzigartig und auch bundesweit eine der gr\u00f6\u00dften Wettbewerbsveranstaltungen der Jugendfeuerwehren. \u00dcber 250 Wertungsrichter werden von uns daf\u00fcr jedes Jahr aus- und fortgebildet und sorgen f\u00fcr einen reibungslosen Ablauf dieser Wettbewerbstage.<\/p>\n\n\n\n<p>Aber auch die Vermittlung der Werte der Jugendfeuerwehren spielt eine gro\u00dfe Rolle. Die Jugendfeuerwehren leben Spa\u00df, Gemeinschaft, Vielfalt und demokratisches Miteinander. Im Jugendforum bringen sich die Jugendlichen ein, in den St\u00e4dten und Gemeinden sind die Jugendlichen ebenso selbstverst\u00e4ndlich Mitglied der Vorst\u00e4nde wie es auch auf Kreisebene seit 2001 \u00fcblich ist. <\/p>\n","protected":false},"excerpt":{"rendered":"<p>Die Kreisjugendfeuerwehr Waldeck-Frankenberg ist der Zusammenschluss von 139 Jugendfeuerwehren mit \u00fcber 1.500 M\u00e4dchen und Jungen im fl\u00e4chengr\u00f6\u00dften Landkreis Hessens. Seit 1978 sind wir kreisweit aktiv. Wesentliche Inhalte unserer Arbeit sind seitdem die Organisation von gemeinsamen Veranstaltungen und Wettbewerben ebenso wie die Aus- und Fortbildung unserer Betreuerinnen und Betreuer. Besonders herausragend<\/p>\n","protected":false},"author":1,"featured_media":0,"parent":0,"menu_order":0,"comment_status":"closed","ping_status":"closed","template":"","meta":{"advgb_blocks_editor_width":"","advgb_blocks_columns_visual_guide":""},"coauthors":[],"author_meta":{"author_link":"https:\/\/feuerwehr-waldeck-frankenberg.de\/kjf\/author\/markusadmin\/","display_name":"Markus Potthof"},"relative_dates":{"created":"Posted 6\u00a0Jahren ago","modified":"Updated 6\u00a0Jahren ago"},"absolute_dates":{"created":"Posted on 14. September 2020","modified":"Updated on 14. September 2020"},"absolute_dates_time":{"created":"Posted on 14. September 2020 15:33","modified":"Updated on 14. September 2020 15:54"},"featured_img_caption":"","featured_img":false,"series_order":"","_links":{"self":[{"href":"https:\/\/feuerwehr-waldeck-frankenberg.de\/kjf\/wp-json\/wp\/v2\/pages\/110"}],"collection":[{"href":"https:\/\/feuerwehr-waldeck-frankenberg.de\/kjf\/wp-json\/wp\/v2\/pages"}],"about":[{"href":"https:\/\/feuerwehr-waldeck-frankenberg.de\/kjf\/wp-json\/wp\/v2\/types\/page"}],"author":[{"embeddable":true,"href":"https:\/\/feuerwehr-waldeck-frankenberg.de\/kjf\/wp-json\/wp\/v2\/users\/1"}],"replies":[{"embeddable":true,"href":"https:\/\/feuerwehr-waldeck-frankenberg.de\/kjf\/wp-json\/wp\/v2\/comments?post=110"}],"version-history":[{"count":1,"href":"https:\/\/feuerwehr-waldeck-frankenberg.de\/kjf\/wp-json\/wp\/v2\/pages\/110\/revisions"}],"predecessor-version":[{"id":111,"href":"https:\/\/feuerwehr-waldeck-frankenberg.de\/kjf\/wp-json\/wp\/v2\/pages\/110\/revisions\/111"}],"wp:attachment":[{"href":"https:\/\/feuerwehr-waldeck-frankenberg.de\/kjf\/wp-json\/wp\/v2\/media?parent=110"}],"curies":[{"name":"wp","href":"https:\/\/api.w.org\/{rel}","templated":true}]}}