{"id":120,"date":"2020-09-14T16:06:44","date_gmt":"2020-09-14T14:06:44","guid":{"rendered":"https:\/\/feuerwehr-waldeck-frankenberg.de\/kjf\/?page_id=120"},"modified":"2020-09-14T21:36:28","modified_gmt":"2020-09-14T19:36:28","slug":"bundeswettbewerb","status":"publish","type":"page","link":"https:\/\/feuerwehr-waldeck-frankenberg.de\/kjf\/wettbewerbe\/bundeswettbewerb\/","title":{"rendered":"Bundeswettbewerb"},"content":{"rendered":"\n<p>Der Bundeswettbewerb der Deutschen Jugendfeuerwehr f\u00fcr Gruppen findet in allen Bundesl\u00e4ndern einheitlich statt. In Hessen gibt es dar\u00fcber hinaus einen angepassten Wettbewerb f\u00fcr Staffeln.<\/p>\n\n\n\n<p>Der Wettbewerb besteht aus dem A-Teil &#8211; einem L\u00f6schangriff mit Vornahme von 3 C-Rohren und dem B-Teil, einem 400m-Staffel-\/Hindernislauf. Im Rahmen dieses Wettbewerbes ist die Qualifikation f\u00fcr die Hessenmeisterschaften und alle 2 Jahre (nur f\u00fcr Gruppen) \u00fcber die Hessenmeisterschaften auch die Qualifikation f\u00fcr die Deutschen Meisterschaften m\u00f6glich.<\/p>\n\n\n\n<p>Aus Waldeck-Frankenberg qualifizieren sich jedes 2 gemischte Teams, 1 M\u00e4dchengruppe sowie 1 Staffel f\u00fcr die Hessenmeisterschaften.<\/p>\n\n\n\n<p>Hier gibt es alle Dokumente und Infos zum Bundeswettbewerb:<\/p>\n\n\n\n<script type=\"text\/x-handlebars-template\" id=\"wpfd-template-ggd-box\">    {{#with file}}    <div class=\"dropblock wpfd-content\">        <a href=\"javascript:void(0)\" class=\"wpfd-close\"><\/a>        <div class=\"filecontent\">            {{#if file_custom_icon}}                    <div class=\"icon-custom\"><img src=\"{{file_custom_icon}}\" \/><\/div>                    {{else}}                    <div class=\"ext ext-{{ext}}\"><span class=\"txt\">{{ext}}<\/span><\/div>                    {{\/if}}<h3><label class=\"wpfd_checkbox\"><input class=\"cbox_file_download\" type=\"checkbox\" data-id=\"{{ID}}\" \/><span><\/span><\/label><a href=\"{{linkdownload}}\"  class=\"wpfd_downloadlink\" title=\"{{post_title}}\">{{{crop_title}}}<\/a><\/h3>            <div class=\"wpfd-extra\">                <div class=\"file-size\"><span>Dateigr\u00f6\u00dfe:<\/span> {{bytesToSize size}}<\/div>            <\/div>        <\/div>        <div class=\"extra-downloadlink\"><a class=\"downloadlink wpfd_downloadlink\"  href=\"{{linkdownload}}\" style=\"background-color:#76bc58;color:#ffffff;\">herunterladen<i class=\"zmdi zmdi-cloud-download wpfd-download\"><\/i><\/a>{{#if openpdflink}}<a class=\"openlink wpfd_previewlink\" href=\"{{openpdflink}}\" target=\"_blank\">Vorschau                            <i class=\"zmdi zmdi-filter-center-focus wpfd-preview\"><\/i>                        <\/a>{{else}}{{#if viewerlink}}<a                            href=\"{{viewerlink}}\"                            class=\"openlink wpfd_previewlink\"                            target=\"_blank\"                            data-id=\"{{ID}}\"                            data-catid=\"{{catid}}\"                            data-file-type=\"{{ext}}\">Vorschau<i class=\"zmdi zmdi-filter-center-focus wpfd-preview\"><\/i>                        <\/a>{{\/if}}{{\/if}}<\/div>    <\/div>    {{\/with}}<\/script><div class=\"wpfd-content wpfd-content-ggd wpfd-content-multi\" data-category=\"35\"><input type=\"hidden\" id=\"current_category_35\" value=\"35\" \/>                    <input type=\"hidden\" id=\"current_category_slug_35\" value=\"bundeswettbewerb\" \/>                    <input type=\"hidden\" id=\"current_ordering_35\" value=\"title\" \/>                    <input type=\"hidden\" id=\"current_ordering_direction_35\" value=\"desc\" \/>                    <input type=\"hidden\" id=\"page_limit_35\" value=\"10\" \/><input type=\"hidden\" id=\"wpfd_display_empty_category_message\" value=\"0\" \/><input type=\"hidden\" id=\"wpfd_empty_category_message_val\" value=\"This file category has no files to display\" \/><input type=\"hidden\" id=\"wpfd_display_empty_folder\" value=\"0\" \/><input type=\"hidden\" id=\"wpfd_is_empty_subcategories\" value=\"1\" \/><input type=\"hidden\" id=\"wpfd_is_empty_files\" value=\"1\" \/><script type=\"text\/x-handlebars-template\" class=\"wpfd-template-categories\">    <div class=\"wpfd-categories \">{{#if category}}{{#with category}}<h2>{{name}}<\/h2>{{#if parent}}<a class=\"catlink backcategory\" href=\"#\" data-idcat=\"{{parent}}\">                        <i class=\"zmdi zmdi-chevron-left\"><\/i><span>Zur\u00fcck<\/span><\/a>{{\/if}}{{\/with}}{{\/if}}<\/div><\/script><script type=\"text\/x-handlebars-template\" class=\"wpfd-template-files\">    {{#if files}}    <div class=\"wpfd_list\">        {{#each files}}        <div class=\"file\" style=\"margin : 10px 10px 10px 10px;\"><label class=\"wpfd_checkbox\"><input class=\"cbox_file_download\" type=\"checkbox\" data-id=\"{{ID}}\" \/><span><\/span><\/label><a class=\"wpfd-file-link\" href=\"#\" data-category_id=\"{{catid}}\" data-id=\"{{ID}}\"><div class=\"dropblock\">{{#if file_custom_icon}}                    <div class=\"icon-custom\"><img src=\"{{file_custom_icon}}\" \/><\/div>                    {{else}}                    <div class=\"ext ext-{{ext}}\"><span class=\"txt\">{{ext}}<\/span><\/div>                    {{\/if}}<\/div><div class=\"droptitle\">{{{crop_title}}}<\/div><\/a><\/div>        {{\/each}}    <\/div>    {{\/if}}<\/script><div class=\"wpfd-container show_category_title show_subcategories\">        <div class=\"wpfd-open-tree\"><\/div>    <div class=\"wpfd-col wpfd-container-ggd \">            <div class=\"wpfd-categories \"><h2>Bundeswettbewerb<\/h2><\/div>                            <div class=\"wpfd_list\">                                                                        <div class=\"file\" style=\"margin : 10px 10px 10px 10px;\"><label class=\"wpfd_checkbox\"><input class=\"cbox_file_download\" type=\"checkbox\" data-id=\"160\" \/><span><\/span><\/label><a class=\"wpfd-file-link\" href=\"#\" data-category_id=\"35\" data-id=\"160\"><div class=\"dropblock\"><div class=\"ext ext-pdf\"><span class=\"txt\">pdf<\/span><\/div><\/div><div class=\"droptitle\">2-10-Bilderstory_BWB_UF<\/div><\/a><\/div>                                                                                                <div class=\"file\" style=\"margin : 10px 10px 10px 10px;\"><label class=\"wpfd_checkbox\"><input class=\"cbox_file_download\" type=\"checkbox\" data-id=\"159\" \/><span><\/span><\/label><a class=\"wpfd-file-link\" href=\"#\" data-category_id=\"35\" data-id=\"159\"><div class=\"dropblock\"><div class=\"ext ext-pdf\"><span class=\"txt\">pdf<\/span><\/div><\/div><div class=\"droptitle\">2-09-Bilderstory_BWB_OG<\/div><\/a><\/div>                                                                                                <div class=\"file\" style=\"margin : 10px 10px 10px 10px;\"><label class=\"wpfd_checkbox\"><input class=\"cbox_file_download\" type=\"checkbox\" data-id=\"157\" \/><span><\/span><\/label><a class=\"wpfd-file-link\" href=\"#\" data-category_id=\"35\" data-id=\"157\"><div class=\"dropblock\"><div class=\"ext ext-xls\"><span class=\"txt\">xls<\/span><\/div><\/div><div class=\"droptitle\">2-08-Buwe_Auswertung_HJF<\/div><\/a><\/div>                                                                                                <div class=\"file\" style=\"margin : 10px 10px 10px 10px;\"><label class=\"wpfd_checkbox\"><input class=\"cbox_file_download\" type=\"checkbox\" data-id=\"156\" \/><span><\/span><\/label><a class=\"wpfd-file-link\" href=\"#\" data-category_id=\"35\" data-id=\"156\"><div class=\"dropblock\"><div class=\"ext ext-xls\"><span class=\"txt\">xls<\/span><\/div><\/div><div class=\"droptitle\">2-07-Meldebogen-bwb-ctif_2009_1<\/div><\/a><\/div>                                                                                                <div class=\"file\" style=\"margin : 10px 10px 10px 10px;\"><label class=\"wpfd_checkbox\"><input class=\"cbox_file_download\" type=\"checkbox\" data-id=\"162\" \/><span><\/span><\/label><a class=\"wpfd-file-link\" href=\"#\" data-category_id=\"35\" data-id=\"162\"><div class=\"dropblock\"><div class=\"ext ext-pdf\"><span class=\"txt\">pdf<\/span><\/div><\/div><div class=\"droptitle\">2-06-Schulungsunterlgae BWB A-Teil Unterflurhydrant, Stand 2008<\/div><\/a><\/div>                                                                                                <div class=\"file\" style=\"margin : 10px 10px 10px 10px;\"><label class=\"wpfd_checkbox\"><input class=\"cbox_file_download\" type=\"checkbox\" data-id=\"161\" \/><span><\/span><\/label><a class=\"wpfd-file-link\" href=\"#\" data-category_id=\"35\" data-id=\"161\"><div class=\"dropblock\"><div class=\"ext ext-pdf\"><span class=\"txt\">pdf<\/span><\/div><\/div><div class=\"droptitle\">2-05-Schulungsunterlgae BWB A-Teil offenes Gewa\u0308sser, Stand 2008<\/div><\/a><\/div>                                                                                                <div class=\"file\" style=\"margin : 10px 10px 10px 10px;\"><label class=\"wpfd_checkbox\"><input class=\"cbox_file_download\" type=\"checkbox\" data-id=\"158\" \/><span><\/span><\/label><a class=\"wpfd-file-link\" href=\"#\" data-category_id=\"35\" data-id=\"158\"><div class=\"dropblock\"><div class=\"ext ext-pdf\"><span class=\"txt\">pdf<\/span><\/div><\/div><div class=\"droptitle\">2-04-Schulungsunterlgae BWB B-Teil, Stand 2008<\/div><\/a><\/div>                                                                                                <div class=\"file\" style=\"margin : 10px 10px 10px 10px;\"><label class=\"wpfd_checkbox\"><input class=\"cbox_file_download\" type=\"checkbox\" data-id=\"154\" \/><span><\/span><\/label><a class=\"wpfd-file-link\" href=\"#\" data-category_id=\"35\" data-id=\"154\"><div class=\"dropblock\"><div class=\"ext ext-pdf\"><span class=\"txt\">pdf<\/span><\/div><\/div><div class=\"droptitle\">2-03-BWB Wertungsbo\u0308gen, Stand 2008<\/div><\/a><\/div>                                                                                                <div class=\"file\" style=\"margin : 10px 10px 10px 10px;\"><label class=\"wpfd_checkbox\"><input class=\"cbox_file_download\" type=\"checkbox\" data-id=\"155\" \/><span><\/span><\/label><a class=\"wpfd-file-link\" href=\"#\" data-category_id=\"35\" data-id=\"155\"><div class=\"dropblock\"><div class=\"ext ext-pdf\"><span class=\"txt\">pdf<\/span><\/div><\/div><div class=\"droptitle\">2-02-BWB Wettbewerbsordnung, Stand 2013<\/div><\/a><\/div>                                                                                                <div class=\"file\" style=\"margin : 10px 10px 10px 10px;\"><label class=\"wpfd_checkbox\"><input class=\"cbox_file_download\" type=\"checkbox\" data-id=\"153\" \/><span><\/span><\/label><a class=\"wpfd-file-link\" href=\"#\" data-category_id=\"35\" data-id=\"153\"><div class=\"dropblock\"><div class=\"ext ext-pdf\"><span class=\"txt\">pdf<\/span><\/div><\/div><div class=\"droptitle\">2-01-Aktuelles_BWB_2016<\/div><\/a><\/div>                                                            <\/div>                            <\/div><\/div><\/div>\n","protected":false},"excerpt":{"rendered":"<p>Der Bundeswettbewerb der Deutschen Jugendfeuerwehr f\u00fcr Gruppen findet in allen Bundesl\u00e4ndern einheitlich statt. In Hessen gibt es dar\u00fcber hinaus einen angepassten Wettbewerb f\u00fcr Staffeln. Der Wettbewerb besteht aus dem A-Teil &#8211; einem L\u00f6schangriff mit Vornahme von 3 C-Rohren und dem B-Teil, einem 400m-Staffel-\/Hindernislauf. Im Rahmen dieses Wettbewerbes ist die Qualifikation<\/p>\n","protected":false},"author":1,"featured_media":0,"parent":118,"menu_order":0,"comment_status":"closed","ping_status":"closed","template":"","meta":{"advgb_blocks_editor_width":"","advgb_blocks_columns_visual_guide":""},"coauthors":[],"author_meta":{"author_link":"https:\/\/feuerwehr-waldeck-frankenberg.de\/kjf\/author\/markusadmin\/","display_name":"Markus Potthof"},"relative_dates":{"created":"Posted 6\u00a0Jahren ago","modified":"Updated 6\u00a0Jahren ago"},"absolute_dates":{"created":"Posted on 14. September 2020","modified":"Updated on 14. September 2020"},"absolute_dates_time":{"created":"Posted on 14. September 2020 16:06","modified":"Updated on 14. September 2020 21:36"},"featured_img_caption":"","featured_img":false,"series_order":"","_links":{"self":[{"href":"https:\/\/feuerwehr-waldeck-frankenberg.de\/kjf\/wp-json\/wp\/v2\/pages\/120"}],"collection":[{"href":"https:\/\/feuerwehr-waldeck-frankenberg.de\/kjf\/wp-json\/wp\/v2\/pages"}],"about":[{"href":"https:\/\/feuerwehr-waldeck-frankenberg.de\/kjf\/wp-json\/wp\/v2\/types\/page"}],"author":[{"embeddable":true,"href":"https:\/\/feuerwehr-waldeck-frankenberg.de\/kjf\/wp-json\/wp\/v2\/users\/1"}],"replies":[{"embeddable":true,"href":"https:\/\/feuerwehr-waldeck-frankenberg.de\/kjf\/wp-json\/wp\/v2\/comments?post=120"}],"version-history":[{"count":2,"href":"https:\/\/feuerwehr-waldeck-frankenberg.de\/kjf\/wp-json\/wp\/v2\/pages\/120\/revisions"}],"predecessor-version":[{"id":254,"href":"https:\/\/feuerwehr-waldeck-frankenberg.de\/kjf\/wp-json\/wp\/v2\/pages\/120\/revisions\/254"}],"up":[{"embeddable":true,"href":"https:\/\/feuerwehr-waldeck-frankenberg.de\/kjf\/wp-json\/wp\/v2\/pages\/118"}],"wp:attachment":[{"href":"https:\/\/feuerwehr-waldeck-frankenberg.de\/kjf\/wp-json\/wp\/v2\/media?parent=120"}],"curies":[{"name":"wp","href":"https:\/\/api.w.org\/{rel}","templated":true}]}}