{"id":122,"date":"2020-09-14T16:09:36","date_gmt":"2020-09-14T14:09:36","guid":{"rendered":"https:\/\/feuerwehr-waldeck-frankenberg.de\/kjf\/?page_id=122"},"modified":"2020-09-14T21:40:37","modified_gmt":"2020-09-14T19:40:37","slug":"kreisuebung-nach-fwdv-3","status":"publish","type":"page","link":"https:\/\/feuerwehr-waldeck-frankenberg.de\/kjf\/wettbewerbe\/kreisuebung-nach-fwdv-3\/","title":{"rendered":"Kreis\u00fcbung nach FwDV 3"},"content":{"rendered":"\n<p>Die Kreisjugendfeuerwehr bietet parallel zum Bundeswettbewerb die sogenannte Kreis\u00fcbung an.<\/p>\n\n\n\n<p>Die Kreis\u00fcbung besteht aus dem A-Teil (analog dem Bundeswettbewerb, aber mit geringen \u00dcbungszeiten) und als B-Teil einem Fragebogen, angelehnt an den Katalog der Landesfeuerwehrschule f\u00fcr die Leistungs\u00fcbugnen. Der Fragenkatalog ist untergliedert in die Altersstufen 10 &#8211; 14 Jahre und 15 &#8211; 18 Jahre. Der Fragebogenkatalog f\u00fcr die 15 &#8211; 18-j\u00e4hrigen umfasst dabei auch alle Fragen der niedrigeren Altersstufe.<\/p>\n\n\n\n<p>Die Teilnahme ist sowohl als Gruppe als auch mit einer Staffel m\u00f6glich.<\/p>\n\n\n\n<p>Hier findet sich die Ausschreibung sowie die Frageb\u00f6gen zum Download:<\/p>\n\n\n\n<script type=\"text\/x-handlebars-template\" id=\"wpfd-template-ggd-box\">    {{#with file}}    <div class=\"dropblock wpfd-content\">        <a href=\"javascript:void(0)\" class=\"wpfd-close\"><\/a>        <div class=\"filecontent\">            {{#if file_custom_icon}}                    <div class=\"icon-custom\"><img src=\"{{file_custom_icon}}\" \/><\/div>                    {{else}}                    <div class=\"ext ext-{{ext}}\"><span class=\"txt\">{{ext}}<\/span><\/div>                    {{\/if}}<h3><label class=\"wpfd_checkbox\"><input class=\"cbox_file_download\" type=\"checkbox\" data-id=\"{{ID}}\" \/><span><\/span><\/label><a href=\"{{linkdownload}}\"  class=\"wpfd_downloadlink\" title=\"{{post_title}}\">{{{crop_title}}}<\/a><\/h3>            <div class=\"wpfd-extra\">                <div class=\"file-size\"><span>Dateigr\u00f6\u00dfe:<\/span> {{bytesToSize size}}<\/div>            <\/div>        <\/div>        <div class=\"extra-downloadlink\"><a class=\"downloadlink wpfd_downloadlink\"  href=\"{{linkdownload}}\" style=\"background-color:#76bc58;color:#ffffff;\">herunterladen<i class=\"zmdi zmdi-cloud-download wpfd-download\"><\/i><\/a>{{#if openpdflink}}<a class=\"openlink wpfd_previewlink\" href=\"{{openpdflink}}\" target=\"_blank\">Vorschau                            <i class=\"zmdi zmdi-filter-center-focus wpfd-preview\"><\/i>                        <\/a>{{else}}{{#if viewerlink}}<a                            href=\"{{viewerlink}}\"                            class=\"openlink wpfd_previewlink\"                            target=\"_blank\"                            data-id=\"{{ID}}\"                            data-catid=\"{{catid}}\"                            data-file-type=\"{{ext}}\">Vorschau<i class=\"zmdi zmdi-filter-center-focus wpfd-preview\"><\/i>                        <\/a>{{\/if}}{{\/if}}<\/div>    <\/div>    {{\/with}}<\/script><div class=\"wpfd-content wpfd-content-ggd wpfd-content-multi\" data-category=\"36\"><input type=\"hidden\" id=\"current_category_36\" value=\"36\" \/>                    <input type=\"hidden\" id=\"current_category_slug_36\" value=\"kreisuebung\" \/>                    <input type=\"hidden\" id=\"current_ordering_36\" value=\"title\" \/>                    <input type=\"hidden\" id=\"current_ordering_direction_36\" value=\"desc\" \/>                    <input type=\"hidden\" id=\"page_limit_36\" value=\"10\" \/><input type=\"hidden\" id=\"wpfd_display_empty_category_message\" value=\"0\" \/><input type=\"hidden\" id=\"wpfd_empty_category_message_val\" value=\"This file category has no files to display\" \/><input type=\"hidden\" id=\"wpfd_display_empty_folder\" value=\"0\" \/><input type=\"hidden\" id=\"wpfd_is_empty_subcategories\" value=\"1\" \/><input type=\"hidden\" id=\"wpfd_is_empty_files\" value=\"1\" \/><script type=\"text\/x-handlebars-template\" class=\"wpfd-template-categories\">    <div class=\"wpfd-categories \">{{#if category}}{{#with category}}<h2>{{name}}<\/h2>{{#if parent}}<a class=\"catlink backcategory\" href=\"#\" data-idcat=\"{{parent}}\">                        <i class=\"zmdi zmdi-chevron-left\"><\/i><span>Zur\u00fcck<\/span><\/a>{{\/if}}{{\/with}}{{\/if}}<\/div><\/script><script type=\"text\/x-handlebars-template\" class=\"wpfd-template-files\">    {{#if files}}    <div class=\"wpfd_list\">        {{#each files}}        <div class=\"file\" style=\"margin : 10px 10px 10px 10px;\"><label class=\"wpfd_checkbox\"><input class=\"cbox_file_download\" type=\"checkbox\" data-id=\"{{ID}}\" \/><span><\/span><\/label><a class=\"wpfd-file-link\" href=\"#\" data-category_id=\"{{catid}}\" data-id=\"{{ID}}\"><div class=\"dropblock\">{{#if file_custom_icon}}                    <div class=\"icon-custom\"><img src=\"{{file_custom_icon}}\" \/><\/div>                    {{else}}                    <div class=\"ext ext-{{ext}}\"><span class=\"txt\">{{ext}}<\/span><\/div>                    {{\/if}}<\/div><div class=\"droptitle\">{{{crop_title}}}<\/div><\/a><\/div>        {{\/each}}    <\/div>    {{\/if}}<\/script><div class=\"wpfd-container show_category_title show_subcategories\">        <div class=\"wpfd-open-tree\"><\/div>    <div class=\"wpfd-col wpfd-container-ggd \">            <div class=\"wpfd-categories \"><h2>Kreis\u00fcbung<\/h2><\/div>                            <div class=\"wpfd_list\">                                                                        <div class=\"file\" style=\"margin : 10px 10px 10px 10px;\"><label class=\"wpfd_checkbox\"><input class=\"cbox_file_download\" type=\"checkbox\" data-id=\"165\" \/><span><\/span><\/label><a class=\"wpfd-file-link\" href=\"#\" data-category_id=\"36\" data-id=\"165\"><div class=\"dropblock\"><div class=\"ext ext-pdf\"><span class=\"txt\">pdf<\/span><\/div><\/div><div class=\"droptitle\">2-12-Fragenkatalog 2018 Kreisu\u0308bung - komplett ohne Antworten<\/div><\/a><\/div>                                                                                                <div class=\"file\" style=\"margin : 10px 10px 10px 10px;\"><label class=\"wpfd_checkbox\"><input class=\"cbox_file_download\" type=\"checkbox\" data-id=\"166\" \/><span><\/span><\/label><a class=\"wpfd-file-link\" href=\"#\" data-category_id=\"36\" data-id=\"166\"><div class=\"dropblock\"><div class=\"ext ext-pdf\"><span class=\"txt\">pdf<\/span><\/div><\/div><div class=\"droptitle\">2-12-Fragenkatalog 2018 Kreisu\u0308bung - komplett mit Antworten<\/div><\/a><\/div>                                                                                                <div class=\"file\" style=\"margin : 10px 10px 10px 10px;\"><label class=\"wpfd_checkbox\"><input class=\"cbox_file_download\" type=\"checkbox\" data-id=\"163\" \/><span><\/span><\/label><a class=\"wpfd-file-link\" href=\"#\" data-category_id=\"36\" data-id=\"163\"><div class=\"dropblock\"><div class=\"ext ext-docx\"><span class=\"txt\">docx<\/span><\/div><\/div><div class=\"droptitle\">2-12-Fragenkatalog 2018 Kreisu\u0308bung - komplett<\/div><\/a><\/div>                                                                                                <div class=\"file\" style=\"margin : 10px 10px 10px 10px;\"><label class=\"wpfd_checkbox\"><input class=\"cbox_file_download\" type=\"checkbox\" data-id=\"164\" \/><span><\/span><\/label><a class=\"wpfd-file-link\" href=\"#\" data-category_id=\"36\" data-id=\"164\"><div class=\"dropblock\"><div class=\"ext ext-pdf\"><span class=\"txt\">pdf<\/span><\/div><\/div><div class=\"droptitle\">2-11-Ausschreibung Kreisu\u0308bung Waldeck-Frankenberg<\/div><\/a><\/div>                                                            <\/div>                            <\/div><\/div><\/div>\n","protected":false},"excerpt":{"rendered":"<p>Die Kreisjugendfeuerwehr bietet parallel zum Bundeswettbewerb die sogenannte Kreis\u00fcbung an. Die Kreis\u00fcbung besteht aus dem A-Teil (analog dem Bundeswettbewerb, aber mit geringen \u00dcbungszeiten) und als B-Teil einem Fragebogen, angelehnt an den Katalog der Landesfeuerwehrschule f\u00fcr die Leistungs\u00fcbugnen. Der Fragenkatalog ist untergliedert in die Altersstufen 10 &#8211; 14 Jahre und 15<\/p>\n","protected":false},"author":1,"featured_media":0,"parent":118,"menu_order":0,"comment_status":"closed","ping_status":"closed","template":"","meta":{"advgb_blocks_editor_width":"","advgb_blocks_columns_visual_guide":""},"coauthors":[],"author_meta":{"author_link":"https:\/\/feuerwehr-waldeck-frankenberg.de\/kjf\/author\/markusadmin\/","display_name":"Markus Potthof"},"relative_dates":{"created":"Ver\u00f6ffentlicht 6\u00a0Jahren vor","modified":"Aktualisiert 6\u00a0Jahren vor"},"absolute_dates":{"created":"Ver\u00f6ffentlicht am 14. September 2020","modified":"Aktualisiert am 14. September 2020"},"absolute_dates_time":{"created":"Ver\u00f6ffentlicht am 14. September 2020 16:09","modified":"Aktualisiert am 14. September 2020 21:40"},"featured_img_caption":"","featured_img":false,"series_order":"","_links":{"self":[{"href":"https:\/\/feuerwehr-waldeck-frankenberg.de\/kjf\/wp-json\/wp\/v2\/pages\/122"}],"collection":[{"href":"https:\/\/feuerwehr-waldeck-frankenberg.de\/kjf\/wp-json\/wp\/v2\/pages"}],"about":[{"href":"https:\/\/feuerwehr-waldeck-frankenberg.de\/kjf\/wp-json\/wp\/v2\/types\/page"}],"author":[{"embeddable":true,"href":"https:\/\/feuerwehr-waldeck-frankenberg.de\/kjf\/wp-json\/wp\/v2\/users\/1"}],"replies":[{"embeddable":true,"href":"https:\/\/feuerwehr-waldeck-frankenberg.de\/kjf\/wp-json\/wp\/v2\/comments?post=122"}],"version-history":[{"count":2,"href":"https:\/\/feuerwehr-waldeck-frankenberg.de\/kjf\/wp-json\/wp\/v2\/pages\/122\/revisions"}],"predecessor-version":[{"id":256,"href":"https:\/\/feuerwehr-waldeck-frankenberg.de\/kjf\/wp-json\/wp\/v2\/pages\/122\/revisions\/256"}],"up":[{"embeddable":true,"href":"https:\/\/feuerwehr-waldeck-frankenberg.de\/kjf\/wp-json\/wp\/v2\/pages\/118"}],"wp:attachment":[{"href":"https:\/\/feuerwehr-waldeck-frankenberg.de\/kjf\/wp-json\/wp\/v2\/media?parent=122"}],"curies":[{"name":"wp","href":"https:\/\/api.w.org\/{rel}","templated":true}]}}