{"id":137,"date":"2020-09-14T16:41:48","date_gmt":"2020-09-14T14:41:48","guid":{"rendered":"https:\/\/feuerwehr-waldeck-frankenberg.de\/kjf\/?page_id=137"},"modified":"2024-05-14T17:48:37","modified_gmt":"2024-05-14T15:48:37","slug":"zeltlager-der-kreisjugendfeuerwehr","status":"publish","type":"page","link":"https:\/\/feuerwehr-waldeck-frankenberg.de\/kjf\/veranstaltungen-und-lehrgaenge\/zeltlager-der-kreisjugendfeuerwehr\/","title":{"rendered":"Zeltlager der Kreisjugendfeuerwehr"},"content":{"rendered":"\n<p>Jedes Jahr veranstalten wir in Zusammenarbeit mit einer (oder mehreren) Freiwilligen Feuerwehren im Landkreis unsere Zeltlager. Entweder finden zwei Zeltlager jeweils im n\u00f6rdlichen und s\u00fcdlichen Kreisgebiet statt, um auch die Reisewege f\u00fcr die Jugendfeuerwehren gering zu halten. Oder &#8211; und das haben in der letzten Zeit viele Ausrichter bevorzugt &#8211; wir treffen uns alle zusammen zu einem gro\u00dfen Zeltlager f\u00fcr alle Jugendfeuerwehren des Landkreises.<\/p>\n\n\n\n<p>In 2020 war das Zeltlager in Bad Wildungen geplant, musste aber wegen der Covid19-Pandemie leider ausfallen. Dennoch haben wir aber die kommenden Zeltlager schon geplant. In den n\u00e4chsten Jahren werden wir bei den folgenden Feuerwehren zelten:<\/p>\n\n\n\n<div class=\"wp-block-group is-layout-flow advgb-dyn-f2a6aa86\"><div class=\"wp-block-group__inner-container\">\n<ul>\n<li>2022: Twistetal-Berndorf<\/li>\n\n\n\n<li>2023: Bad Wildungen<\/li>\n\n\n\n<li>2024: Rhoden<\/li>\n<\/ul>\n<\/div><\/div>\n\n\n\n<p>Alle Zeltlager sind bisher als Gro\u00dfzeltlager geplant.<\/p>\n\n\n\n<p>Wir sich f\u00fcr die Ausrichtung eines Zeltlagers interessiert oder eine Grundlage f\u00fcr eigene Planungen auf Gemeinde\/Stadtebene sucht, kann sich gern an unserer allgemeinen Checkliste f\u00fcr die Durchf\u00fchrung eines Zeltlagers orientieren. Hier gibt es die Datei:<\/p>\n\n\n\n<div class=\"wp-block-wpfd-wpfd-file\"><div class=\"wpfd-single-file\">\n    <div class=\"wpfd-single-file--icon\">\n            <a href=\"https:\/\/feuerwehr-waldeck-frankenberg.de\/kjf\/wp-admin\/admin-ajax.php?juwpfisadmin&#x3D;false&amp;action&#x3D;wpfd&amp;task&#x3D;file.download&amp;wpfd_category_id&#x3D;31&amp;wpfd_file_id&#x3D;142&amp;token&#x3D;&amp;preview&#x3D;1\" alt=\"2016 Checkliste Kreiszeltlager WA-FKB\" class=\"wpfdlightbox\">\n            <div class=\"wpfd-icon-placeholder\" style=\"background-image: url(&quot;https:\/\/feuerwehr-waldeck-frankenberg.de\/kjf\/wp-content\/plugins\/wp-file-download\/app\/site\/assets\/icons\/svg\/pdf.svg&quot;);border-radius: 4%;box-shadow: 0px 0px 0px 0px transparent;background-color: #CB0606;border: 0px solid ;background-size: 100%;\"><\/div>\n        <\/a>\n    <\/div>\n\n    <div class=\"wpfd-single-file--details wpfd-file-content\">\n                <h3 class=\"wpfd-file-content--title\">2016 Checkliste Kreiszeltlager WA-FKB<\/h3>\n        <div class=\"wpfd-file-content--meta\">\n                    <div>Dateigr\u00f6sse: 188.79 KB<\/div>\n                    <div>Created: 14-09-2020<\/div>\n                    <div>Updated: 14-09-2020<\/div>\n                    <div>Aufrufe: 1032<\/div>\n        <\/div>\n    <\/div>\n    <div class=\"wpfd-single-file--buttons\">\n                                <a href=\"https:\/\/feuerwehr-waldeck-frankenberg.de\/kjf\/download\/31\/zeltlager\/142\/2016-checkliste-kreiszeltlager-wa-fkb.pdf\"  data-id=\"142\" title=\"2016 Checkliste Kreiszeltlager WA-FKB\" class=\"noLightbox wpfd_downloadlink wpfd-single-file-button wpfd-button-download\">\n                    <svg xmlns=\"http:\/\/www.w3.org\/2000\/svg\" width=\"38\" height=\"38\" viewBox=\"0 0 400 400\"><g fill=\"#ffffff\"><path d=\"M178 234v-7V24c0-13 8-23 20-24 13-1 24 9 24 23v212l5-5 44-44c10-9 23-10 32-1s9 23-1 33l-85 85c-10 11-23 11-34 0l-85-86a22 22 0 0123-37 28 28 0 018 6l44 44a31 31 0 013 5zM200 400H24c-17 0-28-14-23-29 3-10 12-15 23-16h351c12 0 21 6 24 16 5 15-6 29-22 29H200z\"\/><\/g><\/svg>\n                    <span>herunterladen<\/span>\n                <\/a>\n                    <a href=\"https:\/\/feuerwehr-waldeck-frankenberg.de\/kjf\/wp-admin\/admin-ajax.php?juwpfisadmin&#x3D;false&amp;action&#x3D;wpfd&amp;task&#x3D;file.download&amp;wpfd_category_id&#x3D;31&amp;wpfd_file_id&#x3D;142&amp;token&#x3D;&amp;preview&#x3D;1\" class=\"wpfd-single-file-button wpfd-button-preview\" target=\"_blank\">\n                        <svg xmlns=\"http:\/\/www.w3.org\/2000\/svg\" width=\"38\" height=\"38\" viewBox=\"0 0 400 400\"><g fill=\"#ffffff\"><path d=\"M0 200V55C0 28 16 8 41 2a63 63 0 0115-2h289c32 0 55 23 55 54v248c0 10-6 16-15 16-8 0-14-6-14-16V56c0-16-11-27-28-27H57c-18 0-28 9-28 28v286c0 19 10 28 28 28h243c11 0 18 6 18 15s-7 14-18 14H56c-28 0-49-16-55-41a67 67 0 01-1-15V200z\"\/><path d=\"M314 302l15 15 52 51c7 7 7 14 2 20-6 6-13 5-20-2l-67-65a11 11 0 00-1-1 104 104 0 01-149-26c-29-43-20-99 20-133 39-33 99-31 137 4 38 34 45 93 11 137zm-159-64c-1 42 34 77 77 77 42 1 78-33 78-75 1-42-34-77-75-77-44-1-79 32-80 75z\"\/><\/g><\/svg>\n                        <span>Vorschau<\/span>\n                    <\/a>\n    <\/div>\n<\/div>\n<\/div>\n","protected":false},"excerpt":{"rendered":"<p>Jedes Jahr veranstalten wir in Zusammenarbeit mit einer (oder mehreren) Freiwilligen Feuerwehren im Landkreis unsere Zeltlager. Entweder finden zwei Zeltlager jeweils im n\u00f6rdlichen und s\u00fcdlichen Kreisgebiet statt, um auch die Reisewege f\u00fcr die Jugendfeuerwehren gering zu halten. Oder &#8211; und das haben in der letzten Zeit viele Ausrichter bevorzugt &#8211;<\/p>\n","protected":false},"author":1,"featured_media":0,"parent":135,"menu_order":0,"comment_status":"closed","ping_status":"closed","template":"","meta":{"advgb_blocks_editor_width":"","advgb_blocks_columns_visual_guide":""},"coauthors":[],"author_meta":{"author_link":"https:\/\/feuerwehr-waldeck-frankenberg.de\/kjf\/author\/markusadmin\/","display_name":"Markus Potthof"},"relative_dates":{"created":"Ver\u00f6ffentlicht 6\u00a0Jahren vor","modified":"Aktualisiert 2\u00a0Jahren vor"},"absolute_dates":{"created":"Ver\u00f6ffentlicht am 14. September 2020","modified":"Aktualisiert am 14. Mai 2024"},"absolute_dates_time":{"created":"Ver\u00f6ffentlicht am 14. September 2020 16:41","modified":"Aktualisiert am 14. Mai 2024 17:48"},"featured_img_caption":"","featured_img":false,"series_order":"","_links":{"self":[{"href":"https:\/\/feuerwehr-waldeck-frankenberg.de\/kjf\/wp-json\/wp\/v2\/pages\/137"}],"collection":[{"href":"https:\/\/feuerwehr-waldeck-frankenberg.de\/kjf\/wp-json\/wp\/v2\/pages"}],"about":[{"href":"https:\/\/feuerwehr-waldeck-frankenberg.de\/kjf\/wp-json\/wp\/v2\/types\/page"}],"author":[{"embeddable":true,"href":"https:\/\/feuerwehr-waldeck-frankenberg.de\/kjf\/wp-json\/wp\/v2\/users\/1"}],"replies":[{"embeddable":true,"href":"https:\/\/feuerwehr-waldeck-frankenberg.de\/kjf\/wp-json\/wp\/v2\/comments?post=137"}],"version-history":[{"count":6,"href":"https:\/\/feuerwehr-waldeck-frankenberg.de\/kjf\/wp-json\/wp\/v2\/pages\/137\/revisions"}],"predecessor-version":[{"id":667,"href":"https:\/\/feuerwehr-waldeck-frankenberg.de\/kjf\/wp-json\/wp\/v2\/pages\/137\/revisions\/667"}],"up":[{"embeddable":true,"href":"https:\/\/feuerwehr-waldeck-frankenberg.de\/kjf\/wp-json\/wp\/v2\/pages\/135"}],"wp:attachment":[{"href":"https:\/\/feuerwehr-waldeck-frankenberg.de\/kjf\/wp-json\/wp\/v2\/media?parent=137"}],"curies":[{"name":"wp","href":"https:\/\/api.w.org\/{rel}","templated":true}]}}