{"id":214,"date":"2020-09-14T18:44:33","date_gmt":"2020-09-14T16:44:33","guid":{"rendered":"https:\/\/feuerwehr-waldeck-frankenberg.de\/kjf\/?page_id=214"},"modified":"2020-09-14T18:48:03","modified_gmt":"2020-09-14T16:48:03","slug":"lehrgaenge","status":"publish","type":"page","link":"https:\/\/feuerwehr-waldeck-frankenberg.de\/kjf\/veranstaltungen-und-lehrgaenge\/lehrgaenge\/","title":{"rendered":"Lehrg\u00e4nge"},"content":{"rendered":"\n<p>Die Kreisjugendfeuerwehr bietet mit unterschiedlichen Kooperationspartnern unterschiedliche Aus- und Fortbildungen an.<\/p>\n\n\n\n<p>J\u00e4hrlich bieten wir einen Grundlagenlehrgang in Kooperation mit der Hessischen Jugendfeuerwehr an. In diesem Lehrgang lernt ihr die wesentlichen Elemente einer erfolgreichen Jugendarbeit und insbesondere den Umgang mit Jugendlichen und der Anleitung\/Betreuung einer Jugendgruppe. Diese Ausbildung ist Teil der f\u00fcr Jugendfeuerwehrwart*innen (und deren Stellvertreter*innen) vorgeschriebenen JuLeiCa-Ausbildung.<\/p>\n\n\n\n<p>Ebenso bieten wir einmal im Jahr einen Infotag f\u00fcr neue Betreuer*innen an. Hier werden in einer kompakten Veranstaltung die wichtigsten Inhalte und Besonderheiten der Jugendarbeit in den Feuerwehren des Landkreises vermittelt &#8211; was muss ich beachten, welche Ausbildung ben\u00f6tige ich, wie melde ich mich zu Wettbewerben und Zeltlagern an, u.v.m..<\/p>\n\n\n\n<p>Die Aus- und Fortbildung unserer Wertungsrichter findet ebenfalls j\u00e4hrlich statt und ist immer gut besucht. Wir bieten \u00fcblicherweise einen Ausbildungslehrgang sowie 2 Fortbildungen an. Eine davon findet im Nord-, die andere im S\u00fcdkreis statt &#8211; au\u00dferdem nutzen wir f\u00fcr eine Veranstaltung den Samstag nachmittag, f\u00fcr die andere den Sonntag vormittag. Jeder kann also nach \u00f6rtlicher oder zeitlicher Pr\u00e4ferenz entscheiden. Die Inhalte beider Fortbildungen sind identisch.<\/p>\n\n\n\n<p>Die aktuellen Termine finden sich in unserem Terminkalender, dort gibt es je Veranstaltung auch die Informationen zur Anmeldung\/Durchf\u00fchrung:<\/p>\n\n\n\n<p>[ai1ec cat_name=&#8221;Aus- und Fortbildung&#8221;]<\/p>\n","protected":false},"excerpt":{"rendered":"<p>Die Kreisjugendfeuerwehr bietet mit unterschiedlichen Kooperationspartnern unterschiedliche Aus- und Fortbildungen an. J\u00e4hrlich bieten wir einen Grundlagenlehrgang in Kooperation mit der Hessischen Jugendfeuerwehr an. In diesem Lehrgang lernt ihr die wesentlichen Elemente einer erfolgreichen Jugendarbeit und insbesondere den Umgang mit Jugendlichen und der Anleitung\/Betreuung einer Jugendgruppe. Diese Ausbildung ist Teil der<\/p>\n","protected":false},"author":1,"featured_media":0,"parent":135,"menu_order":0,"comment_status":"closed","ping_status":"closed","template":"","meta":{"advgb_blocks_editor_width":"","advgb_blocks_columns_visual_guide":""},"coauthors":[],"author_meta":{"author_link":"https:\/\/feuerwehr-waldeck-frankenberg.de\/kjf\/author\/markusadmin\/","display_name":"Markus Potthof"},"relative_dates":{"created":"Ver\u00f6ffentlicht 6\u00a0Jahren vor","modified":"Aktualisiert 6\u00a0Jahren vor"},"absolute_dates":{"created":"Ver\u00f6ffentlicht am 14. September 2020","modified":"Aktualisiert am 14. September 2020"},"absolute_dates_time":{"created":"Ver\u00f6ffentlicht am 14. September 2020 18:44","modified":"Aktualisiert am 14. September 2020 18:48"},"featured_img_caption":"","featured_img":false,"series_order":"","_links":{"self":[{"href":"https:\/\/feuerwehr-waldeck-frankenberg.de\/kjf\/wp-json\/wp\/v2\/pages\/214"}],"collection":[{"href":"https:\/\/feuerwehr-waldeck-frankenberg.de\/kjf\/wp-json\/wp\/v2\/pages"}],"about":[{"href":"https:\/\/feuerwehr-waldeck-frankenberg.de\/kjf\/wp-json\/wp\/v2\/types\/page"}],"author":[{"embeddable":true,"href":"https:\/\/feuerwehr-waldeck-frankenberg.de\/kjf\/wp-json\/wp\/v2\/users\/1"}],"replies":[{"embeddable":true,"href":"https:\/\/feuerwehr-waldeck-frankenberg.de\/kjf\/wp-json\/wp\/v2\/comments?post=214"}],"version-history":[{"count":2,"href":"https:\/\/feuerwehr-waldeck-frankenberg.de\/kjf\/wp-json\/wp\/v2\/pages\/214\/revisions"}],"predecessor-version":[{"id":216,"href":"https:\/\/feuerwehr-waldeck-frankenberg.de\/kjf\/wp-json\/wp\/v2\/pages\/214\/revisions\/216"}],"up":[{"embeddable":true,"href":"https:\/\/feuerwehr-waldeck-frankenberg.de\/kjf\/wp-json\/wp\/v2\/pages\/135"}],"wp:attachment":[{"href":"https:\/\/feuerwehr-waldeck-frankenberg.de\/kjf\/wp-json\/wp\/v2\/media?parent=214"}],"curies":[{"name":"wp","href":"https:\/\/api.w.org\/{rel}","templated":true}]}}