{"id":27,"date":"2020-09-11T18:33:13","date_gmt":"2020-09-11T16:33:13","guid":{"rendered":"https:\/\/feuerwehr-waldeck-frankenberg.de\/kjf\/?page_id=27"},"modified":"2020-09-11T18:33:14","modified_gmt":"2020-09-11T16:33:14","slug":"service-und-downloads","status":"publish","type":"page","link":"https:\/\/feuerwehr-waldeck-frankenberg.de\/kjf\/service-und-downloads\/","title":{"rendered":"Service und Downloads"},"content":{"rendered":"\n<p>In diesem Bereich findet Ihr in gesammelter Form unsere Termine, die von uns zur Verf\u00fcgung gestellten Dokumente zum Download sowie Links und Kontaktm\u00f6glichkeiten.<\/p>\n\n\n\n<p>Au\u00dferdem finden sich hier verschiedene Antr\u00e4ge (beispielsweise f\u00fcr die Freistellungen nach KJHG), die ihr hier direkt online an uns schicken k\u00f6nnt.<\/p>\n\n\n\n<p>Sollte Euch etwas fehlen, schreibt uns bitte eine Nachricht \u00fcber das Kontaktformular.<\/p>\n","protected":false},"excerpt":{"rendered":"<p>In diesem Bereich findet Ihr in gesammelter Form unsere Termine, die von uns zur Verf\u00fcgung gestellten Dokumente zum Download sowie Links und Kontaktm\u00f6glichkeiten. Au\u00dferdem finden sich hier verschiedene Antr\u00e4ge (beispielsweise f\u00fcr die Freistellungen nach KJHG), die ihr hier direkt online an uns schicken k\u00f6nnt. Sollte Euch etwas fehlen, schreibt uns<\/p>\n","protected":false},"author":1,"featured_media":0,"parent":0,"menu_order":0,"comment_status":"closed","ping_status":"closed","template":"","meta":{"advgb_blocks_editor_width":"","advgb_blocks_columns_visual_guide":""},"coauthors":[],"author_meta":{"author_link":"https:\/\/feuerwehr-waldeck-frankenberg.de\/kjf\/author\/markusadmin\/","display_name":"Markus Potthof"},"relative_dates":{"created":"Posted 6\u00a0Jahren ago","modified":"Updated 6\u00a0Jahren ago"},"absolute_dates":{"created":"Posted on 11. September 2020","modified":"Updated on 11. September 2020"},"absolute_dates_time":{"created":"Posted on 11. September 2020 18:33","modified":"Updated on 11. September 2020 18:33"},"featured_img_caption":"","featured_img":false,"series_order":"","_links":{"self":[{"href":"https:\/\/feuerwehr-waldeck-frankenberg.de\/kjf\/wp-json\/wp\/v2\/pages\/27"}],"collection":[{"href":"https:\/\/feuerwehr-waldeck-frankenberg.de\/kjf\/wp-json\/wp\/v2\/pages"}],"about":[{"href":"https:\/\/feuerwehr-waldeck-frankenberg.de\/kjf\/wp-json\/wp\/v2\/types\/page"}],"author":[{"embeddable":true,"href":"https:\/\/feuerwehr-waldeck-frankenberg.de\/kjf\/wp-json\/wp\/v2\/users\/1"}],"replies":[{"embeddable":true,"href":"https:\/\/feuerwehr-waldeck-frankenberg.de\/kjf\/wp-json\/wp\/v2\/comments?post=27"}],"version-history":[{"count":1,"href":"https:\/\/feuerwehr-waldeck-frankenberg.de\/kjf\/wp-json\/wp\/v2\/pages\/27\/revisions"}],"predecessor-version":[{"id":28,"href":"https:\/\/feuerwehr-waldeck-frankenberg.de\/kjf\/wp-json\/wp\/v2\/pages\/27\/revisions\/28"}],"wp:attachment":[{"href":"https:\/\/feuerwehr-waldeck-frankenberg.de\/kjf\/wp-json\/wp\/v2\/media?parent=27"}],"curies":[{"name":"wp","href":"https:\/\/api.w.org\/{rel}","templated":true}]}}