{"id":446,"date":"2022-05-22T11:50:21","date_gmt":"2022-05-22T09:50:21","guid":{"rendered":"https:\/\/feuerwehr-waldeck-frankenberg.de\/kjf\/?page_id=446"},"modified":"2025-05-19T15:56:22","modified_gmt":"2025-05-19T13:56:22","slug":"zeltlager-2025","status":"publish","type":"page","link":"https:\/\/feuerwehr-waldeck-frankenberg.de\/kjf\/zeltlager-2025\/","title":{"rendered":"Zeltlager 2025"},"content":{"rendered":"<div class=\"shariff\" data-services=\"facebook\" data-url=\"https:\/\/feuerwehr-waldeck-frankenberg.de\/kjf\/zeltlager-2025\/\" data-timestamp=\"1747670182\" data-backendurl=\"https:\/\/feuerwehr-waldeck-frankenberg.de\/kjf\/wp-json\/shariff\/v1\/share_counts?\"><ul class=\"shariff-buttons theme-default orientation-horizontal buttonsize-medium\"><li class=\"shariff-button facebook shariff-nocustomcolor\" style=\"background-color:#4273c8\"><a href=\"https:\/\/www.facebook.com\/sharer\/sharer.php?u=https%3A%2F%2Ffeuerwehr-waldeck-frankenberg.de%2Fkjf%2Fzeltlager-2025%2F\" title=\"Bei Facebook teilen\" aria-label=\"Bei Facebook teilen\" role=\"button\" rel=\"nofollow\" class=\"shariff-link\" style=\"; background-color:#3b5998; color:#fff\" target=\"_blank\"><span class=\"shariff-icon\" style=\"\"><svg width=\"32px\" height=\"20px\" xmlns=\"http:\/\/www.w3.org\/2000\/svg\" viewBox=\"0 0 18 32\"><path fill=\"#3b5998\" d=\"M17.1 0.2v4.7h-2.8q-1.5 0-2.1 0.6t-0.5 1.9v3.4h5.2l-0.7 5.3h-4.5v13.6h-5.5v-13.6h-4.5v-5.3h4.5v-3.9q0-3.3 1.9-5.2t5-1.8q2.6 0 4.1 0.2z\"\/><\/svg><\/span><span class=\"shariff-text\">teilen<\/span>&nbsp;<\/a><\/li><li class=\"shariff-button whatsapp shariff-nocustomcolor\" style=\"background-color:#5cbe4a\"><a href=\"https:\/\/api.whatsapp.com\/send?text=https%3A%2F%2Ffeuerwehr-waldeck-frankenberg.de%2Fkjf%2Fzeltlager-2025%2F%20Zeltlager%202025\" title=\"Bei Whatsapp teilen\" aria-label=\"Bei Whatsapp teilen\" role=\"button\" rel=\"noopener nofollow\" class=\"shariff-link\" style=\"; background-color:#34af23; color:#fff\" target=\"_blank\"><span class=\"shariff-icon\" style=\"\"><svg width=\"32px\" height=\"20px\" xmlns=\"http:\/\/www.w3.org\/2000\/svg\" viewBox=\"0 0 32 32\"><path fill=\"#34af23\" d=\"M17.6 17.4q0.2 0 1.7 0.8t1.6 0.9q0 0.1 0 0.3 0 0.6-0.3 1.4-0.3 0.7-1.3 1.2t-1.8 0.5q-1 0-3.4-1.1-1.7-0.8-3-2.1t-2.6-3.3q-1.3-1.9-1.3-3.5v-0.1q0.1-1.6 1.3-2.8 0.4-0.4 0.9-0.4 0.1 0 0.3 0t0.3 0q0.3 0 0.5 0.1t0.3 0.5q0.1 0.4 0.6 1.6t0.4 1.3q0 0.4-0.6 1t-0.6 0.8q0 0.1 0.1 0.3 0.6 1.3 1.8 2.4 1 0.9 2.7 1.8 0.2 0.1 0.4 0.1 0.3 0 1-0.9t0.9-0.9zM14 26.9q2.3 0 4.3-0.9t3.6-2.4 2.4-3.6 0.9-4.3-0.9-4.3-2.4-3.6-3.6-2.4-4.3-0.9-4.3 0.9-3.6 2.4-2.4 3.6-0.9 4.3q0 3.6 2.1 6.6l-1.4 4.2 4.3-1.4q2.8 1.9 6.2 1.9zM14 2.2q2.7 0 5.2 1.1t4.3 2.9 2.9 4.3 1.1 5.2-1.1 5.2-2.9 4.3-4.3 2.9-5.2 1.1q-3.5 0-6.5-1.7l-7.4 2.4 2.4-7.2q-1.9-3.2-1.9-6.9 0-2.7 1.1-5.2t2.9-4.3 4.3-2.9 5.2-1.1z\"\/><\/svg><\/span><span class=\"shariff-text\">teilen<\/span>&nbsp;<\/a><\/li><li class=\"shariff-button threema shariff-nocustomcolor shariff-mobile\" style=\"background-color:#4fbc24\"><a href=\"threema:\/\/compose?text=Zeltlager%202025%20https%3A%2F%2Ffeuerwehr-waldeck-frankenberg.de%2Fkjf%2Fzeltlager-2025%2F\" title=\"Bei Threema teilen\" aria-label=\"Bei Threema teilen\" role=\"button\" rel=\"noopener nofollow\" class=\"shariff-link\" style=\"; background-color:#1f1f1f; color:#fff\" target=\"_blank\"><span class=\"shariff-icon\" style=\"\"><svg width=\"32px\" height=\"20px\" xmlns=\"http:\/\/www.w3.org\/2000\/svg\" viewBox=\"0 0 32 32\"><path fill=\"#1f1f1f\" d=\"M30.8 10.9c-0.3-1.4-0.9-2.6-1.8-3.8-2-2.6-5.5-4.5-9.4-5.2-1.3-0.2-1.9-0.3-3.5-0.3s-2.2 0-3.5 0.3c-4 0.7-7.4 2.6-9.4 5.2-0.9 1.2-1.5 2.4-1.8 3.8-0.1 0.5-0.2 1.2-0.2 1.6 0 0.4 0.1 1.1 0.2 1.6 0.4 1.9 1.3 3.4 2.9 5 0.8 0.8 0.8 0.8 0.7 1.3 0 0.6-0.5 1.6-1.7 3.6-0.3 0.5-0.5 0.9-0.5 0.9 0 0.1 0.1 0.1 0.5 0 0.8-0.2 2.3-0.6 5.6-1.6 1.1-0.3 1.3-0.4 2.3-0.4 0.8 0 1.1 0 2.3 0.2 1.5 0.2 3.5 0.2 4.9 0 5.1-0.6 9.3-2.9 11.4-6.3 0.5-0.9 0.9-1.8 1.1-2.8 0.1-0.5 0.2-1.1 0.2-1.6 0-0.7-0.1-1.1-0.2-1.6-0.3-1.4 0.1 0.5 0 0zM20.6 17.3c0 0.4-0.4 0.8-0.8 0.8h-7.7c-0.4 0-0.8-0.4-0.8-0.8v-4.6c0-0.4 0.4-0.8 0.8-0.8h0.2l0-1.6c0-0.9 0-1.8 0.1-2 0.1-0.6 0.6-1.2 1.1-1.7s1.1-0.7 1.9-0.8c1.8-0.3 3.7 0.7 4.2 2.2 0.1 0.3 0.1 0.7 0.1 2.1v0 1.7h0.1c0.4 0 0.8 0.4 0.8 0.8v4.6zM15.6 7.3c-0.5 0.1-0.8 0.3-1.2 0.6s-0.6 0.8-0.7 1.3c0 0.2 0 0.8 0 1.5l0 1.2h4.6v-1.3c0-1 0-1.4-0.1-1.6-0.3-1.1-1.5-1.9-2.6-1.7zM25.8 28.2c0 1.2-1 2.2-2.1 2.2s-2.1-1-2.1-2.1c0-1.2 1-2.1 2.2-2.1s2.2 1 2.2 2.2zM18.1 28.2c0 1.2-1 2.2-2.1 2.2s-2.1-1-2.1-2.1c0-1.2 1-2.1 2.2-2.1s2.2 1 2.2 2.2zM10.4 28.2c0 1.2-1 2.2-2.1 2.2s-2.1-1-2.1-2.1c0-1.2 1-2.1 2.2-2.1s2.2 1 2.2 2.2z\"\/><\/svg><\/span><span class=\"shariff-text\">teilen<\/span>&nbsp;<\/a><\/li><li class=\"shariff-button mailto shariff-nocustomcolor\" style=\"background-color:#a8a8a8\"><a href=\"mailto:?body=https%3A%2F%2Ffeuerwehr-waldeck-frankenberg.de%2Fkjf%2Fzeltlager-2025%2F&subject=Zeltlager%202025\" title=\"Per E-Mail versenden\" aria-label=\"Per E-Mail versenden\" role=\"button\" rel=\"noopener nofollow\" class=\"shariff-link\" style=\"; background-color:#999; color:#fff\"><span class=\"shariff-icon\" style=\"\"><svg width=\"32px\" height=\"20px\" xmlns=\"http:\/\/www.w3.org\/2000\/svg\" viewBox=\"0 0 32 32\"><path fill=\"#999\" d=\"M32 12.7v14.2q0 1.2-0.8 2t-2 0.9h-26.3q-1.2 0-2-0.9t-0.8-2v-14.2q0.8 0.9 1.8 1.6 6.5 4.4 8.9 6.1 1 0.8 1.6 1.2t1.7 0.9 2 0.4h0.1q0.9 0 2-0.4t1.7-0.9 1.6-1.2q3-2.2 8.9-6.1 1-0.7 1.8-1.6zM32 7.4q0 1.4-0.9 2.7t-2.2 2.2q-6.7 4.7-8.4 5.8-0.2 0.1-0.7 0.5t-1 0.7-0.9 0.6-1.1 0.5-0.9 0.2h-0.1q-0.4 0-0.9-0.2t-1.1-0.5-0.9-0.6-1-0.7-0.7-0.5q-1.6-1.1-4.7-3.2t-3.6-2.6q-1.1-0.7-2.1-2t-1-2.5q0-1.4 0.7-2.3t2.1-0.9h26.3q1.2 0 2 0.8t0.9 2z\"\/><\/svg><\/span><span class=\"shariff-text\">E-Mail<\/span>&nbsp;<\/a><\/li><\/ul><\/div>\n<p>Zeltlagervorbesprechung am 27.05.2025 um 19 Uhr: <a rel=\"noreferrer noopener\" href=\"https:\/\/teams.microsoft.com\/l\/meetup-join\/19%3ameeting_N2NjNGUyNTYtZDMzMy00YmYzLWI2M2EtMmI4MjNmZjJhNjli%40thread.v2\/0?context=%7b%22Tid%22%3a%221309249e-4ff5-4774-814f-2667143442f3%22%2c%22Oid%22%3a%22dd50bae3-07be-4ba0-90ad-a40fefc2948c%22%7d\" target=\"_blank\"><strong>Jetzt an der Besprechung teilnehmen<\/strong><\/a> oder Sch\u00fctzenhalle Bromskirchen<\/p>\n\n\n\n<p>Anmeldungen zum Zeltlager sind \u00fcber folgenden Link m\u00f6glich: <a rel=\"noreferrer noopener\" href=\"https:\/\/forms.office.com\/e\/XAfHcxJbBr\" data-type=\"URL\" data-id=\"https:\/\/forms.office.com\/e\/XAfHcxJbBr\" target=\"_blank\">https:\/\/forms.office.com\/e\/XAfHcxJbBr<\/a><\/p>\n\n\n\n<p>Teilnahmebescheinigungen beantragen: <a href=\"https:\/\/forms.office.com\/e\/8mDvGAAgCc\">https:\/\/forms.office.com\/e\/8mDvGAAgCc<\/a><\/p>\n\n\n\n<div class=\"wp-block-wpfd-wpfd-category\"><script type=\"text\/x-handlebars-template\" id=\"wpfd-template-ggd-box\">    {{#with file}}    <div class=\"dropblock wpfd-content\">        <a href=\"javascript:void(0)\" class=\"wpfd-close\"><\/a>        <div class=\"filecontent\">            {{#if file_custom_icon}}                    <div class=\"icon-custom\"><img src=\"{{file_custom_icon}}\" \/><\/div>                    {{else}}                    <div class=\"ext ext-{{ext}}\"><span class=\"txt\">{{ext}}<\/span><\/div>                    {{\/if}}<h3><label class=\"wpfd_checkbox\"><input class=\"cbox_file_download\" type=\"checkbox\" data-id=\"{{ID}}\" \/><span><\/span><\/label><a href=\"{{linkdownload}}\"  class=\"wpfd_downloadlink\" title=\"{{post_title}}\">{{{crop_title}}}<\/a><\/h3>            <div class=\"wpfd-extra\">                <div class=\"file-size\"><span>Dateigr\u00f6\u00dfe:<\/span> {{bytesToSize size}}<\/div>            <\/div>        <\/div>        <div class=\"extra-downloadlink\"><a class=\"downloadlink wpfd_downloadlink\"  href=\"{{linkdownload}}\" style=\"background-color:#76bc58;color:#ffffff;\">herunterladen<i class=\"zmdi zmdi-cloud-download wpfd-download\"><\/i><\/a>{{#if openpdflink}}<a class=\"openlink wpfd_previewlink\" href=\"{{openpdflink}}\" target=\"_blank\">Vorschau                            <i class=\"zmdi zmdi-filter-center-focus wpfd-preview\"><\/i>                        <\/a>{{else}}{{#if viewerlink}}<a                            href=\"{{viewerlink}}\"                            class=\"openlink wpfd_previewlink\"                            target=\"_blank\"                            data-id=\"{{ID}}\"                            data-catid=\"{{catid}}\"                            data-file-type=\"{{ext}}\">Vorschau<i class=\"zmdi zmdi-filter-center-focus wpfd-preview\"><\/i>                        <\/a>{{\/if}}{{\/if}}<\/div>    <\/div>    {{\/with}}<\/script><div class=\"wpfd-content wpfd-content-ggd wpfd-content-multi\" data-category=\"78\"><input type=\"hidden\" id=\"current_category_78\" value=\"78\" \/>                    <input type=\"hidden\" id=\"current_category_slug_78\" value=\"bromskirchen-2025\" \/>                    <input type=\"hidden\" id=\"current_ordering_78\" value=\"title\" \/>                    <input type=\"hidden\" id=\"current_ordering_direction_78\" value=\"desc\" \/>                    <input type=\"hidden\" id=\"page_limit_78\" value=\"10\" \/><input type=\"hidden\" id=\"wpfd_display_empty_category_message\" value=\"0\" \/><input type=\"hidden\" id=\"wpfd_empty_category_message_val\" value=\"This file category has no files to display\" \/><input type=\"hidden\" id=\"wpfd_display_empty_folder\" value=\"0\" \/><input type=\"hidden\" id=\"wpfd_is_empty_subcategories\" value=\"1\" \/><input type=\"hidden\" id=\"wpfd_is_empty_files\" value=\"1\" \/><script type=\"text\/x-handlebars-template\" class=\"wpfd-template-categories\">    <div class=\"wpfd-categories \">{{#if category}}{{#with category}}<h2>{{name}}<\/h2>{{#if parent}}<a class=\"catlink backcategory\" href=\"#\" data-idcat=\"{{parent}}\">                        <i class=\"zmdi zmdi-chevron-left\"><\/i><span>Zur\u00fcck<\/span><\/a>{{\/if}}{{\/with}}{{\/if}}<\/div><\/script><script type=\"text\/x-handlebars-template\" class=\"wpfd-template-files\">    {{#if files}}    <div class=\"wpfd_list\">        {{#each files}}        <div class=\"file\" style=\"margin : 10px 10px 10px 10px;\"><label class=\"wpfd_checkbox\"><input class=\"cbox_file_download\" type=\"checkbox\" data-id=\"{{ID}}\" \/><span><\/span><\/label><a class=\"wpfd-file-link\" href=\"#\" data-category_id=\"{{catid}}\" data-id=\"{{ID}}\"><div class=\"dropblock\">{{#if file_custom_icon}}                    <div class=\"icon-custom\"><img src=\"{{file_custom_icon}}\" \/><\/div>                    {{else}}                    <div class=\"ext ext-{{ext}}\"><span class=\"txt\">{{ext}}<\/span><\/div>                    {{\/if}}<\/div><div class=\"droptitle\">{{{crop_title}}}<\/div><\/a><\/div>        {{\/each}}    <\/div>    {{\/if}}<\/script><div class=\"wpfd-container show_category_title show_subcategories\">        <div class=\"wpfd-open-tree\"><\/div>    <div class=\"wpfd-col wpfd-container-ggd \">            <div class=\"wpfd-categories \"><h2>Bromskirchen 2025<\/h2><\/div>                            <div class=\"wpfd_list\">                                                                        <div class=\"file\" style=\"margin : 10px 10px 10px 10px;\"><label class=\"wpfd_checkbox\"><input class=\"cbox_file_download\" type=\"checkbox\" data-id=\"727\" \/><span><\/span><\/label><a class=\"wpfd-file-link\" href=\"#\" data-category_id=\"78\" data-id=\"727\"><div class=\"dropblock\"><div class=\"ext ext-pdf\"><span class=\"txt\">pdf<\/span><\/div><\/div><div class=\"droptitle\">\u00dcbersicht Nachtwacheneinteilung Zeltlager 2025 Bromskirchen<\/div><\/a><\/div>                                                                                                <div class=\"file\" style=\"margin : 10px 10px 10px 10px;\"><label class=\"wpfd_checkbox\"><input class=\"cbox_file_download\" type=\"checkbox\" data-id=\"725\" \/><span><\/span><\/label><a class=\"wpfd-file-link\" href=\"#\" data-category_id=\"78\" data-id=\"725\"><div class=\"dropblock\"><div class=\"ext ext-pdf\"><span class=\"txt\">pdf<\/span><\/div><\/div><div class=\"droptitle\">\u00dcbersicht Bungee-Run Einteilung Zeltlager 2025 Bromskirchen<\/div><\/a><\/div>                                                                                                <div class=\"file\" style=\"margin : 10px 10px 10px 10px;\"><label class=\"wpfd_checkbox\"><input class=\"cbox_file_download\" type=\"checkbox\" data-id=\"731\" \/><span><\/span><\/label><a class=\"wpfd-file-link\" href=\"#\" data-category_id=\"78\" data-id=\"731\"><div class=\"dropblock\"><div class=\"ext ext-pdf\"><span class=\"txt\">pdf<\/span><\/div><\/div><div class=\"droptitle\">Zeltplatznummer<\/div><\/a><\/div>                                                                                                <div class=\"file\" style=\"margin : 10px 10px 10px 10px;\"><label class=\"wpfd_checkbox\"><input class=\"cbox_file_download\" type=\"checkbox\" data-id=\"732\" \/><span><\/span><\/label><a class=\"wpfd-file-link\" href=\"#\" data-category_id=\"78\" data-id=\"732\"><div class=\"dropblock\"><div class=\"ext ext-pdf\"><span class=\"txt\">pdf<\/span><\/div><\/div><div class=\"droptitle\">Zeltplatz Bromskirchen<\/div><\/a><\/div>                                                                                                <div class=\"file\" style=\"margin : 10px 10px 10px 10px;\"><label class=\"wpfd_checkbox\"><input class=\"cbox_file_download\" type=\"checkbox\" data-id=\"726\" \/><span><\/span><\/label><a class=\"wpfd-file-link\" href=\"#\" data-category_id=\"78\" data-id=\"726\"><div class=\"dropblock\"><div class=\"ext ext-docx\"><span class=\"txt\">docx<\/span><\/div><\/div><div class=\"droptitle\">Muster Einverst\u00e4dniserkl\u00e4rung Zeltlager<\/div><\/a><\/div>                                                                                                <div class=\"file\" style=\"margin : 10px 10px 10px 10px;\"><label class=\"wpfd_checkbox\"><input class=\"cbox_file_download\" type=\"checkbox\" data-id=\"717\" \/><span><\/span><\/label><a class=\"wpfd-file-link\" href=\"#\" data-category_id=\"78\" data-id=\"717\"><div class=\"dropblock\"><div class=\"ext ext-pdf\"><span class=\"txt\">pdf<\/span><\/div><\/div><div class=\"droptitle\">KJF-Zeltlager-2025-Bromskirchen-Programm<\/div><\/a><\/div>                                                                                                <div class=\"file\" style=\"margin : 10px 10px 10px 10px;\"><label class=\"wpfd_checkbox\"><input class=\"cbox_file_download\" type=\"checkbox\" data-id=\"715\" \/><span><\/span><\/label><a class=\"wpfd-file-link\" href=\"#\" data-category_id=\"78\" data-id=\"715\"><div class=\"dropblock\"><div class=\"ext ext-pdf\"><span class=\"txt\">pdf<\/span><\/div><\/div><div class=\"droptitle\">KJF-Zeltlager-2025-Bromskirchen-Lagerordnung<\/div><\/a><\/div>                                                                                                <div class=\"file\" style=\"margin : 10px 10px 10px 10px;\"><label class=\"wpfd_checkbox\"><input class=\"cbox_file_download\" type=\"checkbox\" data-id=\"718\" \/><span><\/span><\/label><a class=\"wpfd-file-link\" href=\"#\" data-category_id=\"78\" data-id=\"718\"><div class=\"dropblock\"><div class=\"ext ext-pdf\"><span class=\"txt\">pdf<\/span><\/div><\/div><div class=\"droptitle\">KJF-Zeltlager-2025-Bromskirchen-Lageplan<\/div><\/a><\/div>                                                                                                <div class=\"file\" style=\"margin : 10px 10px 10px 10px;\"><label class=\"wpfd_checkbox\"><input class=\"cbox_file_download\" type=\"checkbox\" data-id=\"713\" \/><span><\/span><\/label><a class=\"wpfd-file-link\" href=\"#\" data-category_id=\"78\" data-id=\"713\"><div class=\"dropblock\"><div class=\"ext ext-pdf\"><span class=\"txt\">pdf<\/span><\/div><\/div><div class=\"droptitle\">KJF-Zeltlager-2025-Bromskirchen-Einladung-JF<\/div><\/a><\/div>                                                                                                <div class=\"file\" style=\"margin : 10px 10px 10px 10px;\"><label class=\"wpfd_checkbox\"><input class=\"cbox_file_download\" type=\"checkbox\" data-id=\"716\" \/><span><\/span><\/label><a class=\"wpfd-file-link\" href=\"#\" data-category_id=\"78\" data-id=\"716\"><div class=\"dropblock\"><div class=\"ext ext-pdf\"><span class=\"txt\">pdf<\/span><\/div><\/div><div class=\"droptitle\">KJF-Zeltlager-2025-Bromskirchen-Checkliste<\/div><\/a><\/div>                                                            <\/div>                            <\/div><\/div><\/div><div class='wpfd-pagination'>\n\t<span class='page-numbers current'>1<\/span>\n<a class='page-numbers' data-page='2' data-sourcecat='78'>2<\/a>\n<a class='next page-numbers' data-page='2' data-sourcecat='78'>N\u00e4chste &raquo;<\/a>\n<\/div>\n<\/div>\n\n\n\n<p>Wir w\u00fcnschen Euch schon jetzt viel Spa\u00df beim Zeltlager und freuen uns auf ein tolles Wochenende!<\/p>\n<div class=\"shariff\" data-services=\"facebook\" data-url=\"https:\/\/feuerwehr-waldeck-frankenberg.de\/kjf\/zeltlager-2025\/\" data-timestamp=\"1747670182\" data-backendurl=\"https:\/\/feuerwehr-waldeck-frankenberg.de\/kjf\/wp-json\/shariff\/v1\/share_counts?\"><ul class=\"shariff-buttons theme-default orientation-horizontal buttonsize-medium\"><li class=\"shariff-button facebook shariff-nocustomcolor\" style=\"background-color:#4273c8\"><a href=\"https:\/\/www.facebook.com\/sharer\/sharer.php?u=https%3A%2F%2Ffeuerwehr-waldeck-frankenberg.de%2Fkjf%2Fzeltlager-2025%2F\" title=\"Bei Facebook teilen\" aria-label=\"Bei Facebook teilen\" role=\"button\" rel=\"nofollow\" class=\"shariff-link\" style=\"; background-color:#3b5998; color:#fff\" target=\"_blank\"><span class=\"shariff-icon\" style=\"\"><svg width=\"32px\" height=\"20px\" xmlns=\"http:\/\/www.w3.org\/2000\/svg\" viewBox=\"0 0 18 32\"><path fill=\"#3b5998\" d=\"M17.1 0.2v4.7h-2.8q-1.5 0-2.1 0.6t-0.5 1.9v3.4h5.2l-0.7 5.3h-4.5v13.6h-5.5v-13.6h-4.5v-5.3h4.5v-3.9q0-3.3 1.9-5.2t5-1.8q2.6 0 4.1 0.2z\"\/><\/svg><\/span><span class=\"shariff-text\">teilen<\/span>&nbsp;<\/a><\/li><li class=\"shariff-button whatsapp shariff-nocustomcolor\" style=\"background-color:#5cbe4a\"><a href=\"https:\/\/api.whatsapp.com\/send?text=https%3A%2F%2Ffeuerwehr-waldeck-frankenberg.de%2Fkjf%2Fzeltlager-2025%2F%20Zeltlager%202025\" title=\"Bei Whatsapp teilen\" aria-label=\"Bei Whatsapp teilen\" role=\"button\" rel=\"noopener nofollow\" class=\"shariff-link\" style=\"; background-color:#34af23; color:#fff\" target=\"_blank\"><span class=\"shariff-icon\" style=\"\"><svg width=\"32px\" height=\"20px\" xmlns=\"http:\/\/www.w3.org\/2000\/svg\" viewBox=\"0 0 32 32\"><path fill=\"#34af23\" d=\"M17.6 17.4q0.2 0 1.7 0.8t1.6 0.9q0 0.1 0 0.3 0 0.6-0.3 1.4-0.3 0.7-1.3 1.2t-1.8 0.5q-1 0-3.4-1.1-1.7-0.8-3-2.1t-2.6-3.3q-1.3-1.9-1.3-3.5v-0.1q0.1-1.6 1.3-2.8 0.4-0.4 0.9-0.4 0.1 0 0.3 0t0.3 0q0.3 0 0.5 0.1t0.3 0.5q0.1 0.4 0.6 1.6t0.4 1.3q0 0.4-0.6 1t-0.6 0.8q0 0.1 0.1 0.3 0.6 1.3 1.8 2.4 1 0.9 2.7 1.8 0.2 0.1 0.4 0.1 0.3 0 1-0.9t0.9-0.9zM14 26.9q2.3 0 4.3-0.9t3.6-2.4 2.4-3.6 0.9-4.3-0.9-4.3-2.4-3.6-3.6-2.4-4.3-0.9-4.3 0.9-3.6 2.4-2.4 3.6-0.9 4.3q0 3.6 2.1 6.6l-1.4 4.2 4.3-1.4q2.8 1.9 6.2 1.9zM14 2.2q2.7 0 5.2 1.1t4.3 2.9 2.9 4.3 1.1 5.2-1.1 5.2-2.9 4.3-4.3 2.9-5.2 1.1q-3.5 0-6.5-1.7l-7.4 2.4 2.4-7.2q-1.9-3.2-1.9-6.9 0-2.7 1.1-5.2t2.9-4.3 4.3-2.9 5.2-1.1z\"\/><\/svg><\/span><span class=\"shariff-text\">teilen<\/span>&nbsp;<\/a><\/li><li class=\"shariff-button threema shariff-nocustomcolor shariff-mobile\" style=\"background-color:#4fbc24\"><a href=\"threema:\/\/compose?text=Zeltlager%202025%20https%3A%2F%2Ffeuerwehr-waldeck-frankenberg.de%2Fkjf%2Fzeltlager-2025%2F\" title=\"Bei Threema teilen\" aria-label=\"Bei Threema teilen\" role=\"button\" rel=\"noopener nofollow\" class=\"shariff-link\" style=\"; background-color:#1f1f1f; color:#fff\" target=\"_blank\"><span class=\"shariff-icon\" style=\"\"><svg width=\"32px\" height=\"20px\" xmlns=\"http:\/\/www.w3.org\/2000\/svg\" viewBox=\"0 0 32 32\"><path fill=\"#1f1f1f\" d=\"M30.8 10.9c-0.3-1.4-0.9-2.6-1.8-3.8-2-2.6-5.5-4.5-9.4-5.2-1.3-0.2-1.9-0.3-3.5-0.3s-2.2 0-3.5 0.3c-4 0.7-7.4 2.6-9.4 5.2-0.9 1.2-1.5 2.4-1.8 3.8-0.1 0.5-0.2 1.2-0.2 1.6 0 0.4 0.1 1.1 0.2 1.6 0.4 1.9 1.3 3.4 2.9 5 0.8 0.8 0.8 0.8 0.7 1.3 0 0.6-0.5 1.6-1.7 3.6-0.3 0.5-0.5 0.9-0.5 0.9 0 0.1 0.1 0.1 0.5 0 0.8-0.2 2.3-0.6 5.6-1.6 1.1-0.3 1.3-0.4 2.3-0.4 0.8 0 1.1 0 2.3 0.2 1.5 0.2 3.5 0.2 4.9 0 5.1-0.6 9.3-2.9 11.4-6.3 0.5-0.9 0.9-1.8 1.1-2.8 0.1-0.5 0.2-1.1 0.2-1.6 0-0.7-0.1-1.1-0.2-1.6-0.3-1.4 0.1 0.5 0 0zM20.6 17.3c0 0.4-0.4 0.8-0.8 0.8h-7.7c-0.4 0-0.8-0.4-0.8-0.8v-4.6c0-0.4 0.4-0.8 0.8-0.8h0.2l0-1.6c0-0.9 0-1.8 0.1-2 0.1-0.6 0.6-1.2 1.1-1.7s1.1-0.7 1.9-0.8c1.8-0.3 3.7 0.7 4.2 2.2 0.1 0.3 0.1 0.7 0.1 2.1v0 1.7h0.1c0.4 0 0.8 0.4 0.8 0.8v4.6zM15.6 7.3c-0.5 0.1-0.8 0.3-1.2 0.6s-0.6 0.8-0.7 1.3c0 0.2 0 0.8 0 1.5l0 1.2h4.6v-1.3c0-1 0-1.4-0.1-1.6-0.3-1.1-1.5-1.9-2.6-1.7zM25.8 28.2c0 1.2-1 2.2-2.1 2.2s-2.1-1-2.1-2.1c0-1.2 1-2.1 2.2-2.1s2.2 1 2.2 2.2zM18.1 28.2c0 1.2-1 2.2-2.1 2.2s-2.1-1-2.1-2.1c0-1.2 1-2.1 2.2-2.1s2.2 1 2.2 2.2zM10.4 28.2c0 1.2-1 2.2-2.1 2.2s-2.1-1-2.1-2.1c0-1.2 1-2.1 2.2-2.1s2.2 1 2.2 2.2z\"\/><\/svg><\/span><span class=\"shariff-text\">teilen<\/span>&nbsp;<\/a><\/li><li class=\"shariff-button mailto shariff-nocustomcolor\" style=\"background-color:#a8a8a8\"><a href=\"mailto:?body=https%3A%2F%2Ffeuerwehr-waldeck-frankenberg.de%2Fkjf%2Fzeltlager-2025%2F&subject=Zeltlager%202025\" title=\"Per E-Mail versenden\" aria-label=\"Per E-Mail versenden\" role=\"button\" rel=\"noopener nofollow\" class=\"shariff-link\" style=\"; background-color:#999; color:#fff\"><span class=\"shariff-icon\" style=\"\"><svg width=\"32px\" height=\"20px\" xmlns=\"http:\/\/www.w3.org\/2000\/svg\" viewBox=\"0 0 32 32\"><path fill=\"#999\" d=\"M32 12.7v14.2q0 1.2-0.8 2t-2 0.9h-26.3q-1.2 0-2-0.9t-0.8-2v-14.2q0.8 0.9 1.8 1.6 6.5 4.4 8.9 6.1 1 0.8 1.6 1.2t1.7 0.9 2 0.4h0.1q0.9 0 2-0.4t1.7-0.9 1.6-1.2q3-2.2 8.9-6.1 1-0.7 1.8-1.6zM32 7.4q0 1.4-0.9 2.7t-2.2 2.2q-6.7 4.7-8.4 5.8-0.2 0.1-0.7 0.5t-1 0.7-0.9 0.6-1.1 0.5-0.9 0.2h-0.1q-0.4 0-0.9-0.2t-1.1-0.5-0.9-0.6-1-0.7-0.7-0.5q-1.6-1.1-4.7-3.2t-3.6-2.6q-1.1-0.7-2.1-2t-1-2.5q0-1.4 0.7-2.3t2.1-0.9h26.3q1.2 0 2 0.8t0.9 2z\"\/><\/svg><\/span><span class=\"shariff-text\">E-Mail<\/span>&nbsp;<\/a><\/li><\/ul><\/div>","protected":false},"excerpt":{"rendered":"<p>Zeltlagervorbesprechung am 27.05.2025 um 19 Uhr: Jetzt an der Besprechung teilnehmen oder Sch\u00fctzenhalle Bromskirchen Anmeldungen zum Zeltlager sind \u00fcber folgenden Link m\u00f6glich: https:\/\/forms.office.com\/e\/XAfHcxJbBr Teilnahmebescheinigungen beantragen: https:\/\/forms.office.com\/e\/8mDvGAAgCc Wir w\u00fcnschen Euch schon jetzt viel Spa\u00df beim Zeltlager und freuen uns auf ein tolles Wochenende!<\/p>\n","protected":false},"author":5,"featured_media":0,"parent":0,"menu_order":0,"comment_status":"closed","ping_status":"closed","template":"","meta":{"advgb_blocks_editor_width":"","advgb_blocks_columns_visual_guide":""},"coauthors":[],"author_meta":{"author_link":"https:\/\/feuerwehr-waldeck-frankenberg.de\/kjf\/author\/jonaspreising\/","display_name":"Jonas Preising"},"relative_dates":{"created":"Posted 4\u00a0Jahren ago","modified":"Updated 11\u00a0Monaten ago"},"absolute_dates":{"created":"Posted on 22. Mai 2022","modified":"Updated on 19. Mai 2025"},"absolute_dates_time":{"created":"Posted on 22. Mai 2022 11:50","modified":"Updated on 19. Mai 2025 15:56"},"featured_img_caption":"","featured_img":false,"series_order":"","_links":{"self":[{"href":"https:\/\/feuerwehr-waldeck-frankenberg.de\/kjf\/wp-json\/wp\/v2\/pages\/446"}],"collection":[{"href":"https:\/\/feuerwehr-waldeck-frankenberg.de\/kjf\/wp-json\/wp\/v2\/pages"}],"about":[{"href":"https:\/\/feuerwehr-waldeck-frankenberg.de\/kjf\/wp-json\/wp\/v2\/types\/page"}],"author":[{"embeddable":true,"href":"https:\/\/feuerwehr-waldeck-frankenberg.de\/kjf\/wp-json\/wp\/v2\/users\/5"}],"replies":[{"embeddable":true,"href":"https:\/\/feuerwehr-waldeck-frankenberg.de\/kjf\/wp-json\/wp\/v2\/comments?post=446"}],"version-history":[{"count":36,"href":"https:\/\/feuerwehr-waldeck-frankenberg.de\/kjf\/wp-json\/wp\/v2\/pages\/446\/revisions"}],"predecessor-version":[{"id":729,"href":"https:\/\/feuerwehr-waldeck-frankenberg.de\/kjf\/wp-json\/wp\/v2\/pages\/446\/revisions\/729"}],"wp:attachment":[{"href":"https:\/\/feuerwehr-waldeck-frankenberg.de\/kjf\/wp-json\/wp\/v2\/media?parent=446"}],"curies":[{"name":"wp","href":"https:\/\/api.w.org\/{rel}","templated":true}]}}